{"id":7782,"date":"2024-04-26T12:35:34","date_gmt":"2024-04-26T10:35:34","guid":{"rendered":"https:\/\/www.poincare-watch.com\/?post_type=product&#038;p=7782"},"modified":"2026-01-03T17:01:46","modified_gmt":"2026-01-03T16:01:46","slug":"kadra-s-automatique-black-black","status":"publish","type":"product","link":"https:\/\/www.poincare-watch.com\/ja\/montres\/kadra-s-automatique-black-black\/","title":{"rendered":"KADRA S \u30aa\u30fc\u30c8\u30de\u30c1\u30c3\u30af - \u30d6\u30e9\u30c3\u30af"},"content":{"rendered":"<p>\u81ea\u52d5<br \/>\n904L\u30b9\u30c1\u30fc\u30eb\u300141mm<br \/>\n\u30d6\u30e9\u30c3\u30af\u30c0\u30a4\u30e4\u30eb<br \/>\n\u30d6\u30e9\u30c3\u30af\u30ca\u30a4\u30c8\u30fb\u30a2\u30ea\u30b2\u30fc\u30bf\u30fc\u30fb\u30b9\u30c8\u30e9\u30c3\u30d7<\/p>","protected":false},"excerpt":{"rendered":"<p>\u81ea\u52d5\u5dfb\u304d\u3001904L\u30b9\u30c6\u30f3\u30ec\u30b9\u30b9\u30c6\u30a3\u30fc\u30eb\u300141mm \u30d6\u30e9\u30c3\u30af\u6587\u5b57\u76e4 \u30d6\u30e9\u30c3\u30af\u30ca\u30a4\u30c8\u30a2\u30ea\u30b2\u30fc\u30bf\u30fc\u30b9\u30c8\u30e9\u30c3\u30d7<\/p>","protected":false},"featured_media":7788,"template":"","meta":{"content-type":""},"product_brand":[],"product_cat":[35,37],"product_tag":[43],"class_list":{"0":"post-7782","1":"product","2":"type-product","3":"status-publish","4":"has-post-thumbnail","6":"product_cat-acier","7":"product_cat-automatique","8":"product_tag-sa-black-black","10":"first","11":"instock","12":"taxable","13":"shipping-taxable","14":"purchasable","15":"product-type-simple"},"yoast_head":"<!-- This site is optimized with the Yoast SEO plugin v27.3 - https:\/\/yoast.com\/product\/yoast-seo-wordpress\/ -->\n<title>KADRA S Automatique - Black Black - Poincar\u00e9 Gen\u00e8ve<\/title>\n<meta name=\"description\" content=\"POINCAR\u00c9 KADRA S Chronograph selfwinding, Steel 904 L, 42 mm, Black dial, Alligator Black Night strap. Swiss Luxury Watch, Geneva.\" \/>\n<meta name=\"robots\" content=\"index, follow, max-snippet:-1, max-image-preview:large, max-video-preview:-1\" \/>\n<link rel=\"canonical\" href=\"https:\/\/www.poincare-watch.com\/ja\/montres\/kadra-s-automatique-black-black\/\" \/>\n<meta property=\"og:locale\" content=\"ja_JP\" \/>\n<meta property=\"og:type\" content=\"article\" \/>\n<meta property=\"og:title\" content=\"KADRA S Automatique - Black Black - Poincar\u00e9 Gen\u00e8ve\" \/>\n<meta property=\"og:description\" content=\"POINCAR\u00c9 KADRA S Chronograph selfwinding, Steel 904 L, 42 mm, Black dial, Alligator Black Night strap. Swiss Luxury Watch, Geneva.\" \/>\n<meta property=\"og:url\" content=\"https:\/\/www.poincare-watch.com\/ja\/montres\/kadra-s-automatique-black-black\/\" \/>\n<meta property=\"og:site_name\" content=\"Poincar\u00e9 Gen\u00e8ve\" \/>\n<meta property=\"article:modified_time\" content=\"2026-01-03T16:01:46+00:00\" \/>\n<meta property=\"og:image\" content=\"https:\/\/www.poincare-watch.com\/wp-content\/uploads\/2024\/04\/Poincare_Kadra_S_Automatique_2024_Soldat_Black_Big.png\" \/>\n\t<meta property=\"og:image:width\" content=\"862\" \/>\n\t<meta property=\"og:image:height\" content=\"1300\" \/>\n\t<meta property=\"og:image:type\" content=\"image\/png\" \/>\n<meta name=\"twitter:card\" content=\"summary_large_image\" \/>\n<meta name=\"twitter:label1\" content=\"\u63a8\u5b9a\u8aad\u307f\u53d6\u308a\u6642\u9593\" \/>\n\t<meta name=\"twitter:data1\" content=\"1\u5206\" \/>\n<script type=\"application\/ld+json\" class=\"yoast-schema-graph\">{\"@context\":\"https:\\\/\\\/schema.org\",\"@graph\":[{\"@type\":\"WebPage\",\"@id\":\"https:\\\/\\\/www.poincare-watch.com\\\/montres\\\/kadra-s-automatique-black-black\\\/\",\"url\":\"https:\\\/\\\/www.poincare-watch.com\\\/montres\\\/kadra-s-automatique-black-black\\\/\",\"name\":\"KADRA S Automatique - Black Black - Poincar\u00e9 Gen\u00e8ve\",\"isPartOf\":{\"@id\":\"https:\\\/\\\/www.poincare-watch.com\\\/#website\"},\"primaryImageOfPage\":{\"@id\":\"https:\\\/\\\/www.poincare-watch.com\\\/montres\\\/kadra-s-automatique-black-black\\\/#primaryimage\"},\"image\":{\"@id\":\"https:\\\/\\\/www.poincare-watch.com\\\/montres\\\/kadra-s-automatique-black-black\\\/#primaryimage\"},\"thumbnailUrl\":\"https:\\\/\\\/www.poincare-watch.com\\\/wp-content\\\/uploads\\\/2024\\\/04\\\/Poincare_Kadra_S_Automatique_2024_Soldat_Black_Big.png\",\"datePublished\":\"2024-04-26T10:35:34+00:00\",\"dateModified\":\"2026-01-03T16:01:46+00:00\",\"description\":\"POINCAR\u00c9 KADRA S Chronograph selfwinding, Steel 904 L, 42 mm, Black dial, Alligator Black Night strap. Swiss Luxury Watch, Geneva.\",\"breadcrumb\":{\"@id\":\"https:\\\/\\\/www.poincare-watch.com\\\/montres\\\/kadra-s-automatique-black-black\\\/#breadcrumb\"},\"inLanguage\":\"ja\",\"potentialAction\":[{\"@type\":\"ReadAction\",\"target\":[\"https:\\\/\\\/www.poincare-watch.com\\\/montres\\\/kadra-s-automatique-black-black\\\/\"]}]},{\"@type\":\"ImageObject\",\"inLanguage\":\"ja\",\"@id\":\"https:\\\/\\\/www.poincare-watch.com\\\/montres\\\/kadra-s-automatique-black-black\\\/#primaryimage\",\"url\":\"https:\\\/\\\/www.poincare-watch.com\\\/wp-content\\\/uploads\\\/2024\\\/04\\\/Poincare_Kadra_S_Automatique_2024_Soldat_Black_Big.png\",\"contentUrl\":\"https:\\\/\\\/www.poincare-watch.com\\\/wp-content\\\/uploads\\\/2024\\\/04\\\/Poincare_Kadra_S_Automatique_2024_Soldat_Black_Big.png\",\"width\":862,\"height\":1300},{\"@type\":\"BreadcrumbList\",\"@id\":\"https:\\\/\\\/www.poincare-watch.com\\\/montres\\\/kadra-s-automatique-black-black\\\/#breadcrumb\",\"itemListElement\":[{\"@type\":\"ListItem\",\"position\":1,\"name\":\"Accueil\",\"item\":\"https:\\\/\\\/www.poincare-watch.com\\\/\"},{\"@type\":\"ListItem\",\"position\":2,\"name\":\"Montres\",\"item\":\"https:\\\/\\\/www.poincare-watch.com\\\/montres\\\/\"},{\"@type\":\"ListItem\",\"position\":3,\"name\":\"KADRA S Automatique &#8211; Black Black\"}]},{\"@type\":\"WebSite\",\"@id\":\"https:\\\/\\\/www.poincare-watch.com\\\/#website\",\"url\":\"https:\\\/\\\/www.poincare-watch.com\\\/\",\"name\":\"Poincar\u00e9\",\"description\":\"Swiss Luxury Watches\",\"publisher\":{\"@id\":\"https:\\\/\\\/www.poincare-watch.com\\\/#organization\"},\"alternateName\":\"Poincar\u00e9 Gen\u00e8ve\",\"potentialAction\":[{\"@type\":\"SearchAction\",\"target\":{\"@type\":\"EntryPoint\",\"urlTemplate\":\"https:\\\/\\\/www.poincare-watch.com\\\/?s={search_term_string}\"},\"query-input\":{\"@type\":\"PropertyValueSpecification\",\"valueRequired\":true,\"valueName\":\"search_term_string\"}}],\"inLanguage\":\"ja\"},{\"@type\":\"Organization\",\"@id\":\"https:\\\/\\\/www.poincare-watch.com\\\/#organization\",\"name\":\"Poincar\u00e9\",\"alternateName\":\"Poincar\u00e9 Gen\u00e8ve\",\"url\":\"https:\\\/\\\/www.poincare-watch.com\\\/\",\"logo\":{\"@type\":\"ImageObject\",\"inLanguage\":\"ja\",\"@id\":\"https:\\\/\\\/www.poincare-watch.com\\\/#\\\/schema\\\/logo\\\/image\\\/\",\"url\":\"https:\\\/\\\/www.poincare-watch.com\\\/wp-content\\\/uploads\\\/2021\\\/03\\\/Poincare-watch.svg\",\"contentUrl\":\"https:\\\/\\\/www.poincare-watch.com\\\/wp-content\\\/uploads\\\/2021\\\/03\\\/Poincare-watch.svg\",\"width\":255.1,\"height\":127.6,\"caption\":\"Poincar\u00e9\"},\"image\":{\"@id\":\"https:\\\/\\\/www.poincare-watch.com\\\/#\\\/schema\\\/logo\\\/image\\\/\"},\"sameAs\":[\"https:\\\/\\\/www.linkedin.com\\\/company\\\/poincarewatch\"]}]}<\/script>\n<!-- \/ Yoast SEO plugin. -->","yoast_head_json":{"title":"KADRA S Automatique - Black Black - Poincar\u00e9 Gen\u00e8ve","description":"POINCAR\u00c9 KADRA S Chronograph selfwinding, Steel 904 L, 42 mm, Black dial, Alligator Black Night strap. Swiss Luxury Watch, Geneva.","robots":{"index":"index","follow":"follow","max-snippet":"max-snippet:-1","max-image-preview":"max-image-preview:large","max-video-preview":"max-video-preview:-1"},"canonical":"https:\/\/www.poincare-watch.com\/ja\/montres\/kadra-s-automatique-black-black\/","og_locale":"ja_JP","og_type":"article","og_title":"KADRA S Automatique - Black Black - Poincar\u00e9 Gen\u00e8ve","og_description":"POINCAR\u00c9 KADRA S Chronograph selfwinding, Steel 904 L, 42 mm, Black dial, Alligator Black Night strap. Swiss Luxury Watch, Geneva.","og_url":"https:\/\/www.poincare-watch.com\/ja\/montres\/kadra-s-automatique-black-black\/","og_site_name":"Poincar\u00e9 Gen\u00e8ve","article_modified_time":"2026-01-03T16:01:46+00:00","og_image":[{"width":862,"height":1300,"url":"https:\/\/www.poincare-watch.com\/wp-content\/uploads\/2024\/04\/Poincare_Kadra_S_Automatique_2024_Soldat_Black_Big.png","type":"image\/png"}],"twitter_card":"summary_large_image","twitter_misc":{"\u63a8\u5b9a\u8aad\u307f\u53d6\u308a\u6642\u9593":"1\u5206"},"schema":{"@context":"https:\/\/schema.org","@graph":[{"@type":"WebPage","@id":"https:\/\/www.poincare-watch.com\/montres\/kadra-s-automatique-black-black\/","url":"https:\/\/www.poincare-watch.com\/montres\/kadra-s-automatique-black-black\/","name":"KADRA S Automatique - Black Black - Poincar\u00e9 Gen\u00e8ve","isPartOf":{"@id":"https:\/\/www.poincare-watch.com\/#website"},"primaryImageOfPage":{"@id":"https:\/\/www.poincare-watch.com\/montres\/kadra-s-automatique-black-black\/#primaryimage"},"image":{"@id":"https:\/\/www.poincare-watch.com\/montres\/kadra-s-automatique-black-black\/#primaryimage"},"thumbnailUrl":"https:\/\/www.poincare-watch.com\/wp-content\/uploads\/2024\/04\/Poincare_Kadra_S_Automatique_2024_Soldat_Black_Big.png","datePublished":"2024-04-26T10:35:34+00:00","dateModified":"2026-01-03T16:01:46+00:00","description":"POINCAR\u00c9 KADRA S Chronograph selfwinding, Steel 904 L, 42 mm, Black dial, Alligator Black Night strap. Swiss Luxury Watch, Geneva.","breadcrumb":{"@id":"https:\/\/www.poincare-watch.com\/montres\/kadra-s-automatique-black-black\/#breadcrumb"},"inLanguage":"ja","potentialAction":[{"@type":"ReadAction","target":["https:\/\/www.poincare-watch.com\/montres\/kadra-s-automatique-black-black\/"]}]},{"@type":"ImageObject","inLanguage":"ja","@id":"https:\/\/www.poincare-watch.com\/montres\/kadra-s-automatique-black-black\/#primaryimage","url":"https:\/\/www.poincare-watch.com\/wp-content\/uploads\/2024\/04\/Poincare_Kadra_S_Automatique_2024_Soldat_Black_Big.png","contentUrl":"https:\/\/www.poincare-watch.com\/wp-content\/uploads\/2024\/04\/Poincare_Kadra_S_Automatique_2024_Soldat_Black_Big.png","width":862,"height":1300},{"@type":"BreadcrumbList","@id":"https:\/\/www.poincare-watch.com\/montres\/kadra-s-automatique-black-black\/#breadcrumb","itemListElement":[{"@type":"ListItem","position":1,"name":"Accueil","item":"https:\/\/www.poincare-watch.com\/"},{"@type":"ListItem","position":2,"name":"Montres","item":"https:\/\/www.poincare-watch.com\/montres\/"},{"@type":"ListItem","position":3,"name":"KADRA S Automatique &#8211; Black Black"}]},{"@type":"WebSite","@id":"https:\/\/www.poincare-watch.com\/#website","url":"https:\/\/www.poincare-watch.com\/","name":"\u30dd\u30a2\u30f3\u30ab\u30ec","description":"\u30b9\u30a4\u30b9\u306e\u9ad8\u7d1a\u6642\u8a08","publisher":{"@id":"https:\/\/www.poincare-watch.com\/#organization"},"alternateName":"Poincar\u00e9 Gen\u00e8ve","potentialAction":[{"@type":"SearchAction","target":{"@type":"EntryPoint","urlTemplate":"https:\/\/www.poincare-watch.com\/?s={search_term_string}"},"query-input":{"@type":"PropertyValueSpecification","valueRequired":true,"valueName":"search_term_string"}}],"inLanguage":"ja"},{"@type":"Organization","@id":"https:\/\/www.poincare-watch.com\/#organization","name":"\u30dd\u30a2\u30f3\u30ab\u30ec","alternateName":"Poincar\u00e9 Gen\u00e8ve","url":"https:\/\/www.poincare-watch.com\/","logo":{"@type":"ImageObject","inLanguage":"ja","@id":"https:\/\/www.poincare-watch.com\/#\/schema\/logo\/image\/","url":"https:\/\/www.poincare-watch.com\/wp-content\/uploads\/2021\/03\/Poincare-watch.svg","contentUrl":"https:\/\/www.poincare-watch.com\/wp-content\/uploads\/2021\/03\/Poincare-watch.svg","width":255.1,"height":127.6,"caption":"Poincar\u00e9"},"image":{"@id":"https:\/\/www.poincare-watch.com\/#\/schema\/logo\/image\/"},"sameAs":["https:\/\/www.linkedin.com\/company\/poincarewatch"]}]}},"_links":{"self":[{"href":"https:\/\/www.poincare-watch.com\/ja\/wp-json\/wp\/v2\/product\/7782","targetHints":{"allow":["GET"]}}],"collection":[{"href":"https:\/\/www.poincare-watch.com\/ja\/wp-json\/wp\/v2\/product"}],"about":[{"href":"https:\/\/www.poincare-watch.com\/ja\/wp-json\/wp\/v2\/types\/product"}],"wp:featuredmedia":[{"embeddable":true,"href":"https:\/\/www.poincare-watch.com\/ja\/wp-json\/wp\/v2\/media\/7788"}],"wp:attachment":[{"href":"https:\/\/www.poincare-watch.com\/ja\/wp-json\/wp\/v2\/media?parent=7782"}],"wp:term":[{"taxonomy":"product_brand","embeddable":true,"href":"https:\/\/www.poincare-watch.com\/ja\/wp-json\/wp\/v2\/product_brand?post=7782"},{"taxonomy":"product_cat","embeddable":true,"href":"https:\/\/www.poincare-watch.com\/ja\/wp-json\/wp\/v2\/product_cat?post=7782"},{"taxonomy":"product_tag","embeddable":true,"href":"https:\/\/www.poincare-watch.com\/ja\/wp-json\/wp\/v2\/product_tag?post=7782"}],"curies":[{"name":"wp","href":"https:\/\/api.w.org\/{rel}","templated":true}]}}