{"id":4934,"date":"2022-11-23T17:50:16","date_gmt":"2022-11-23T16:50:16","guid":{"rendered":"https:\/\/poincare-watch.com\/?post_type=product&#038;p=4934"},"modified":"2025-11-28T12:52:13","modified_gmt":"2025-11-28T11:52:13","slug":"kadra-s-chronographe-silver-brown","status":"publish","type":"product","link":"https:\/\/www.poincare-watch.com\/de\/montres\/kadra-s-chronographe-silver-brown\/","title":{"rendered":"KADRA S Chronograph - Silver Brown"},"content":{"rendered":"<p>Chronograph<br \/>\nStahl 904L, 42 mm<br \/>\nCadran Blanc<br \/>\nArmband Alligator Havana Brown<\/p>","protected":false},"excerpt":{"rendered":"<p>Chronographe Acier 904L, 42 mm Cadran Blanc Bracelet Alligator Havana Brown<\/p>","protected":false},"featured_media":6661,"template":"","meta":{"content-type":""},"product_brand":[],"product_cat":[35,34],"product_tag":[24],"class_list":{"0":"post-4934","1":"product","2":"type-product","3":"status-publish","4":"has-post-thumbnail","6":"product_cat-acier","7":"product_cat-chronographe","8":"product_tag-s-silver-brown","10":"first","11":"instock","12":"taxable","13":"shipping-taxable","14":"purchasable","15":"product-type-simple"},"yoast_head":"<!-- This site is optimized with the Yoast SEO plugin v27.3 - https:\/\/yoast.com\/product\/yoast-seo-wordpress\/ -->\n<title>KADRA S Chronographe - Silver Brown - Poincar\u00e9 Gen\u00e8ve<\/title>\n<meta name=\"description\" content=\"POINCAR\u00c9 KADRA S Chronograph selfwinding, Steel 904 L, 42 mm, Silver dial, Alligator Havana Brown strap. Swiss Luxury Watch, Geneva.\" \/>\n<meta name=\"robots\" content=\"index, follow, max-snippet:-1, max-image-preview:large, max-video-preview:-1\" \/>\n<link rel=\"canonical\" href=\"https:\/\/www.poincare-watch.com\/de\/montres\/kadra-s-chronographe-silver-brown\/\" \/>\n<meta property=\"og:locale\" content=\"de_DE\" \/>\n<meta property=\"og:type\" content=\"article\" \/>\n<meta property=\"og:title\" content=\"KADRA S Chronographe - Silver Brown - Poincar\u00e9 Gen\u00e8ve\" \/>\n<meta property=\"og:description\" content=\"POINCAR\u00c9 KADRA S Chronograph selfwinding, Steel 904 L, 42 mm, Silver dial, Alligator Havana Brown strap. Swiss Luxury Watch, Geneva.\" \/>\n<meta property=\"og:url\" content=\"https:\/\/www.poincare-watch.com\/de\/montres\/kadra-s-chronographe-silver-brown\/\" \/>\n<meta property=\"og:site_name\" content=\"Poincar\u00e9 Gen\u00e8ve\" \/>\n<meta property=\"article:modified_time\" content=\"2025-11-28T11:52:13+00:00\" \/>\n<meta property=\"og:image\" content=\"https:\/\/www.poincare-watch.com\/wp-content\/uploads\/2022\/11\/Poincare_Kadra_S_2023_Soldat_Silver_Big-1.png\" \/>\n\t<meta property=\"og:image:width\" content=\"862\" \/>\n\t<meta property=\"og:image:height\" content=\"1300\" \/>\n\t<meta property=\"og:image:type\" content=\"image\/png\" \/>\n<meta name=\"twitter:card\" content=\"summary_large_image\" \/>\n<meta name=\"twitter:label1\" content=\"Gesch\u00e4tzte Lesezeit\" \/>\n\t<meta name=\"twitter:data1\" content=\"1\u00a0Minute\" \/>\n<script type=\"application\/ld+json\" class=\"yoast-schema-graph\">{\"@context\":\"https:\\\/\\\/schema.org\",\"@graph\":[{\"@type\":\"WebPage\",\"@id\":\"https:\\\/\\\/www.poincare-watch.com\\\/montres\\\/kadra-s-chronographe-silver-brown\\\/\",\"url\":\"https:\\\/\\\/www.poincare-watch.com\\\/montres\\\/kadra-s-chronographe-silver-brown\\\/\",\"name\":\"KADRA S Chronographe - Silver Brown - Poincar\u00e9 Gen\u00e8ve\",\"isPartOf\":{\"@id\":\"https:\\\/\\\/www.poincare-watch.com\\\/#website\"},\"primaryImageOfPage\":{\"@id\":\"https:\\\/\\\/www.poincare-watch.com\\\/montres\\\/kadra-s-chronographe-silver-brown\\\/#primaryimage\"},\"image\":{\"@id\":\"https:\\\/\\\/www.poincare-watch.com\\\/montres\\\/kadra-s-chronographe-silver-brown\\\/#primaryimage\"},\"thumbnailUrl\":\"https:\\\/\\\/www.poincare-watch.com\\\/wp-content\\\/uploads\\\/2022\\\/11\\\/Poincare_Kadra_S_2023_Soldat_Silver_Big-1.png\",\"datePublished\":\"2022-11-23T16:50:16+00:00\",\"dateModified\":\"2025-11-28T11:52:13+00:00\",\"description\":\"POINCAR\u00c9 KADRA S Chronograph selfwinding, Steel 904 L, 42 mm, Silver dial, Alligator Havana Brown strap. Swiss Luxury Watch, Geneva.\",\"breadcrumb\":{\"@id\":\"https:\\\/\\\/www.poincare-watch.com\\\/montres\\\/kadra-s-chronographe-silver-brown\\\/#breadcrumb\"},\"inLanguage\":\"de\",\"potentialAction\":[{\"@type\":\"ReadAction\",\"target\":[\"https:\\\/\\\/www.poincare-watch.com\\\/montres\\\/kadra-s-chronographe-silver-brown\\\/\"]}]},{\"@type\":\"ImageObject\",\"inLanguage\":\"de\",\"@id\":\"https:\\\/\\\/www.poincare-watch.com\\\/montres\\\/kadra-s-chronographe-silver-brown\\\/#primaryimage\",\"url\":\"https:\\\/\\\/www.poincare-watch.com\\\/wp-content\\\/uploads\\\/2022\\\/11\\\/Poincare_Kadra_S_2023_Soldat_Silver_Big-1.png\",\"contentUrl\":\"https:\\\/\\\/www.poincare-watch.com\\\/wp-content\\\/uploads\\\/2022\\\/11\\\/Poincare_Kadra_S_2023_Soldat_Silver_Big-1.png\",\"width\":862,\"height\":1300},{\"@type\":\"BreadcrumbList\",\"@id\":\"https:\\\/\\\/www.poincare-watch.com\\\/montres\\\/kadra-s-chronographe-silver-brown\\\/#breadcrumb\",\"itemListElement\":[{\"@type\":\"ListItem\",\"position\":1,\"name\":\"Accueil\",\"item\":\"https:\\\/\\\/www.poincare-watch.com\\\/\"},{\"@type\":\"ListItem\",\"position\":2,\"name\":\"Montres\",\"item\":\"https:\\\/\\\/www.poincare-watch.com\\\/montres\\\/\"},{\"@type\":\"ListItem\",\"position\":3,\"name\":\"KADRA S Chronographe &#8211; Silver Brown\"}]},{\"@type\":\"WebSite\",\"@id\":\"https:\\\/\\\/www.poincare-watch.com\\\/#website\",\"url\":\"https:\\\/\\\/www.poincare-watch.com\\\/\",\"name\":\"Poincar\u00e9\",\"description\":\"Swiss Luxury Watches\",\"publisher\":{\"@id\":\"https:\\\/\\\/www.poincare-watch.com\\\/#organization\"},\"alternateName\":\"Poincar\u00e9 Gen\u00e8ve\",\"potentialAction\":[{\"@type\":\"SearchAction\",\"target\":{\"@type\":\"EntryPoint\",\"urlTemplate\":\"https:\\\/\\\/www.poincare-watch.com\\\/?s={search_term_string}\"},\"query-input\":{\"@type\":\"PropertyValueSpecification\",\"valueRequired\":true,\"valueName\":\"search_term_string\"}}],\"inLanguage\":\"de\"},{\"@type\":\"Organization\",\"@id\":\"https:\\\/\\\/www.poincare-watch.com\\\/#organization\",\"name\":\"Poincar\u00e9\",\"alternateName\":\"Poincar\u00e9 Gen\u00e8ve\",\"url\":\"https:\\\/\\\/www.poincare-watch.com\\\/\",\"logo\":{\"@type\":\"ImageObject\",\"inLanguage\":\"de\",\"@id\":\"https:\\\/\\\/www.poincare-watch.com\\\/#\\\/schema\\\/logo\\\/image\\\/\",\"url\":\"https:\\\/\\\/www.poincare-watch.com\\\/wp-content\\\/uploads\\\/2021\\\/03\\\/Poincare-watch.svg\",\"contentUrl\":\"https:\\\/\\\/www.poincare-watch.com\\\/wp-content\\\/uploads\\\/2021\\\/03\\\/Poincare-watch.svg\",\"width\":255.1,\"height\":127.6,\"caption\":\"Poincar\u00e9\"},\"image\":{\"@id\":\"https:\\\/\\\/www.poincare-watch.com\\\/#\\\/schema\\\/logo\\\/image\\\/\"},\"sameAs\":[\"https:\\\/\\\/www.linkedin.com\\\/company\\\/poincarewatch\"]}]}<\/script>\n<!-- \/ Yoast SEO plugin. -->","yoast_head_json":{"title":"KADRA S Chronographe - Silver Brown - Poincar\u00e9 Gen\u00e8ve","description":"POINCAR\u00c9 KADRA S Chronograph selfwinding, Steel 904 L, 42 mm, Silver dial, Alligator Havana Brown strap. Swiss Luxury Watch, Geneva.","robots":{"index":"index","follow":"follow","max-snippet":"max-snippet:-1","max-image-preview":"max-image-preview:large","max-video-preview":"max-video-preview:-1"},"canonical":"https:\/\/www.poincare-watch.com\/de\/montres\/kadra-s-chronographe-silver-brown\/","og_locale":"de_DE","og_type":"article","og_title":"KADRA S Chronographe - Silver Brown - Poincar\u00e9 Gen\u00e8ve","og_description":"POINCAR\u00c9 KADRA S Chronograph selfwinding, Steel 904 L, 42 mm, Silver dial, Alligator Havana Brown strap. Swiss Luxury Watch, Geneva.","og_url":"https:\/\/www.poincare-watch.com\/de\/montres\/kadra-s-chronographe-silver-brown\/","og_site_name":"Poincar\u00e9 Gen\u00e8ve","article_modified_time":"2025-11-28T11:52:13+00:00","og_image":[{"width":862,"height":1300,"url":"https:\/\/www.poincare-watch.com\/wp-content\/uploads\/2022\/11\/Poincare_Kadra_S_2023_Soldat_Silver_Big-1.png","type":"image\/png"}],"twitter_card":"summary_large_image","twitter_misc":{"Gesch\u00e4tzte Lesezeit":"1\u00a0Minute"},"schema":{"@context":"https:\/\/schema.org","@graph":[{"@type":"WebPage","@id":"https:\/\/www.poincare-watch.com\/montres\/kadra-s-chronographe-silver-brown\/","url":"https:\/\/www.poincare-watch.com\/montres\/kadra-s-chronographe-silver-brown\/","name":"KADRA S Chronographe - Silver Brown - Poincar\u00e9 Gen\u00e8ve","isPartOf":{"@id":"https:\/\/www.poincare-watch.com\/#website"},"primaryImageOfPage":{"@id":"https:\/\/www.poincare-watch.com\/montres\/kadra-s-chronographe-silver-brown\/#primaryimage"},"image":{"@id":"https:\/\/www.poincare-watch.com\/montres\/kadra-s-chronographe-silver-brown\/#primaryimage"},"thumbnailUrl":"https:\/\/www.poincare-watch.com\/wp-content\/uploads\/2022\/11\/Poincare_Kadra_S_2023_Soldat_Silver_Big-1.png","datePublished":"2022-11-23T16:50:16+00:00","dateModified":"2025-11-28T11:52:13+00:00","description":"POINCAR\u00c9 KADRA S Chronograph selfwinding, Steel 904 L, 42 mm, Silver dial, Alligator Havana Brown strap. Swiss Luxury Watch, Geneva.","breadcrumb":{"@id":"https:\/\/www.poincare-watch.com\/montres\/kadra-s-chronographe-silver-brown\/#breadcrumb"},"inLanguage":"de","potentialAction":[{"@type":"ReadAction","target":["https:\/\/www.poincare-watch.com\/montres\/kadra-s-chronographe-silver-brown\/"]}]},{"@type":"ImageObject","inLanguage":"de","@id":"https:\/\/www.poincare-watch.com\/montres\/kadra-s-chronographe-silver-brown\/#primaryimage","url":"https:\/\/www.poincare-watch.com\/wp-content\/uploads\/2022\/11\/Poincare_Kadra_S_2023_Soldat_Silver_Big-1.png","contentUrl":"https:\/\/www.poincare-watch.com\/wp-content\/uploads\/2022\/11\/Poincare_Kadra_S_2023_Soldat_Silver_Big-1.png","width":862,"height":1300},{"@type":"BreadcrumbList","@id":"https:\/\/www.poincare-watch.com\/montres\/kadra-s-chronographe-silver-brown\/#breadcrumb","itemListElement":[{"@type":"ListItem","position":1,"name":"Accueil","item":"https:\/\/www.poincare-watch.com\/"},{"@type":"ListItem","position":2,"name":"Montres","item":"https:\/\/www.poincare-watch.com\/montres\/"},{"@type":"ListItem","position":3,"name":"KADRA S Chronographe &#8211; Silver Brown"}]},{"@type":"WebSite","@id":"https:\/\/www.poincare-watch.com\/#website","url":"https:\/\/www.poincare-watch.com\/","name":"Poincar\u00e9","description":"Schweizer Luxusuhren","publisher":{"@id":"https:\/\/www.poincare-watch.com\/#organization"},"alternateName":"Poincar\u00e9 Gen\u00e8ve","potentialAction":[{"@type":"SearchAction","target":{"@type":"EntryPoint","urlTemplate":"https:\/\/www.poincare-watch.com\/?s={search_term_string}"},"query-input":{"@type":"PropertyValueSpecification","valueRequired":true,"valueName":"search_term_string"}}],"inLanguage":"de"},{"@type":"Organization","@id":"https:\/\/www.poincare-watch.com\/#organization","name":"Poincar\u00e9","alternateName":"Poincar\u00e9 Gen\u00e8ve","url":"https:\/\/www.poincare-watch.com\/","logo":{"@type":"ImageObject","inLanguage":"de","@id":"https:\/\/www.poincare-watch.com\/#\/schema\/logo\/image\/","url":"https:\/\/www.poincare-watch.com\/wp-content\/uploads\/2021\/03\/Poincare-watch.svg","contentUrl":"https:\/\/www.poincare-watch.com\/wp-content\/uploads\/2021\/03\/Poincare-watch.svg","width":255.1,"height":127.6,"caption":"Poincar\u00e9"},"image":{"@id":"https:\/\/www.poincare-watch.com\/#\/schema\/logo\/image\/"},"sameAs":["https:\/\/www.linkedin.com\/company\/poincarewatch"]}]}},"_links":{"self":[{"href":"https:\/\/www.poincare-watch.com\/de\/wp-json\/wp\/v2\/product\/4934","targetHints":{"allow":["GET"]}}],"collection":[{"href":"https:\/\/www.poincare-watch.com\/de\/wp-json\/wp\/v2\/product"}],"about":[{"href":"https:\/\/www.poincare-watch.com\/de\/wp-json\/wp\/v2\/types\/product"}],"wp:featuredmedia":[{"embeddable":true,"href":"https:\/\/www.poincare-watch.com\/de\/wp-json\/wp\/v2\/media\/6661"}],"wp:attachment":[{"href":"https:\/\/www.poincare-watch.com\/de\/wp-json\/wp\/v2\/media?parent=4934"}],"wp:term":[{"taxonomy":"product_brand","embeddable":true,"href":"https:\/\/www.poincare-watch.com\/de\/wp-json\/wp\/v2\/product_brand?post=4934"},{"taxonomy":"product_cat","embeddable":true,"href":"https:\/\/www.poincare-watch.com\/de\/wp-json\/wp\/v2\/product_cat?post=4934"},{"taxonomy":"product_tag","embeddable":true,"href":"https:\/\/www.poincare-watch.com\/de\/wp-json\/wp\/v2\/product_tag?post=4934"}],"curies":[{"name":"wp","href":"https:\/\/api.w.org\/{rel}","templated":true}]}}