{"id":2130,"date":"2021-07-19T12:51:30","date_gmt":"2021-07-19T10:51:30","guid":{"rendered":"https:\/\/poincare-watch.com\/?page_id=2130"},"modified":"2024-09-27T18:40:01","modified_gmt":"2024-09-27T16:40:01","slug":"conseiller-dedie","status":"publish","type":"page","link":"https:\/\/www.poincare-watch.com\/de\/conseiller-dedie\/","title":{"rendered":"Pers\u00f6nlicher Berater"},"content":{"rendered":"\t\t<div data-elementor-type=\"wp-page\" data-elementor-id=\"2130\" class=\"elementor elementor-2130\" data-elementor-post-type=\"page\">\n\t\t\t\t\t\t<section data-particle_enable=\"false\" data-particle-mobile-disabled=\"false\" class=\"elementor-section elementor-top-section elementor-element elementor-element-de77646 elementor-section-full_width elementor-section-height-default elementor-section-height-default\" data-id=\"de77646\" data-element_type=\"section\" data-e-type=\"section\" data-settings=\"{&quot;background_background&quot;:&quot;classic&quot;}\">\n\t\t\t\t\t\t<div class=\"elementor-container elementor-column-gap-default\">\n\t\t\t\t\t<div class=\"elementor-column elementor-col-100 elementor-top-column elementor-element elementor-element-954954f\" data-id=\"954954f\" data-element_type=\"column\" data-e-type=\"column\">\n\t\t\t<div class=\"elementor-widget-wrap elementor-element-populated\">\n\t\t\t\t\t\t<div class=\"elementor-element elementor-element-5d68042 elementor-widget elementor-widget-spacer\" data-id=\"5d68042\" data-element_type=\"widget\" data-e-type=\"widget\" data-widget_type=\"spacer.default\">\n\t\t\t\t<div class=\"elementor-widget-container\">\n\t\t\t\t\t\t\t<div class=\"elementor-spacer\">\n\t\t\t<div class=\"elementor-spacer-inner\"><\/div>\n\t\t<\/div>\n\t\t\t\t\t\t<\/div>\n\t\t\t\t<\/div>\n\t\t\t\t<div class=\"elementor-element elementor-element-6e06214 elementor-widget elementor-widget-heading\" data-id=\"6e06214\" data-element_type=\"widget\" data-e-type=\"widget\" data-widget_type=\"heading.default\">\n\t\t\t\t<div class=\"elementor-widget-container\">\n\t\t\t\t\t<h1 class=\"elementor-heading-title elementor-size-default\">CONSEILLER D\u00c9DI\u00c9<\/h1>\t\t\t\t<\/div>\n\t\t\t\t<\/div>\n\t\t\t\t<div class=\"elementor-element elementor-element-d7b7c3c elementor-widget elementor-widget-text-editor\" data-id=\"d7b7c3c\" data-element_type=\"widget\" data-e-type=\"widget\" data-widget_type=\"text-editor.default\">\n\t\t\t\t<div class=\"elementor-widget-container\">\n\t\t\t\t\t\t\t\t\t<p>Nous accordons une grande importance \u00e0 nos clients et sommes toujours pr\u00eats \u00e0 r\u00e9pondre \u00e0 vos questions. Si vous avez des questions d&rsquo;ordre administratif ou concernant nos montres et que vous souhaitez nous contacter, n&rsquo;h\u00e9sitez pas \u00e0 prendre rendez-vous pour une assistance par t\u00e9l\u00e9phone ou par e-chat avec l&rsquo;un de nos conseillers sp\u00e9cialis\u00e9s.<\/p>\t\t\t\t\t\t\t\t<\/div>\n\t\t\t\t<\/div>\n\t\t\t\t<div class=\"elementor-element elementor-element-97c84e6 elementor-widget elementor-widget-spacer\" data-id=\"97c84e6\" data-element_type=\"widget\" data-e-type=\"widget\" data-widget_type=\"spacer.default\">\n\t\t\t\t<div class=\"elementor-widget-container\">\n\t\t\t\t\t\t\t<div class=\"elementor-spacer\">\n\t\t\t<div class=\"elementor-spacer-inner\"><\/div>\n\t\t<\/div>\n\t\t\t\t\t\t<\/div>\n\t\t\t\t<\/div>\n\t\t\t\t\t<\/div>\n\t\t<\/div>\n\t\t\t\t\t<\/div>\n\t\t<\/section>\n\t\t\t\t<section data-particle_enable=\"false\" data-particle-mobile-disabled=\"false\" class=\"elementor-section elementor-top-section elementor-element elementor-element-d7b665d elementor-section-height-min-height elementor-section-boxed elementor-section-height-default elementor-section-items-middle\" data-id=\"d7b665d\" data-element_type=\"section\" data-e-type=\"section\">\n\t\t\t\t\t\t<div class=\"elementor-container elementor-column-gap-default\">\n\t\t\t\t\t<div class=\"elementor-column elementor-col-100 elementor-top-column elementor-element elementor-element-1808d94\" data-id=\"1808d94\" data-element_type=\"column\" data-e-type=\"column\">\n\t\t\t<div class=\"elementor-widget-wrap elementor-element-populated\">\n\t\t\t\t\t\t<div class=\"elementor-element elementor-element-1986dfa elementor-widget elementor-widget-heading\" data-id=\"1986dfa\" data-element_type=\"widget\" data-e-type=\"widget\" data-widget_type=\"heading.default\">\n\t\t\t\t<div class=\"elementor-widget-container\">\n\t\t\t\t\t<p class=\"elementor-heading-title elementor-size-default\"><a href=\"https:\/\/poincare-watch.com\/\">Accueil \/ CONSEILLER D\u00c9DI\u00c9<\/a><\/p>\t\t\t\t<\/div>\n\t\t\t\t<\/div>\n\t\t\t\t\t<\/div>\n\t\t<\/div>\n\t\t\t\t\t<\/div>\n\t\t<\/section>\n\t\t\t\t<section data-particle_enable=\"false\" data-particle-mobile-disabled=\"false\" class=\"elementor-section elementor-top-section elementor-element elementor-element-be69234 elementor-section-boxed elementor-section-height-default elementor-section-height-default\" data-id=\"be69234\" data-element_type=\"section\" data-e-type=\"section\">\n\t\t\t\t\t\t<div class=\"elementor-container elementor-column-gap-default\">\n\t\t\t\t\t<div class=\"elementor-column elementor-col-50 elementor-top-column elementor-element elementor-element-35b797c\" data-id=\"35b797c\" data-element_type=\"column\" data-e-type=\"column\">\n\t\t\t<div class=\"elementor-widget-wrap elementor-element-populated\">\n\t\t\t\t\t\t<div class=\"elementor-element elementor-element-f8fb093 elementor-button-align-start elementor-widget elementor-widget-form\" data-id=\"f8fb093\" data-element_type=\"widget\" data-e-type=\"widget\" data-settings=\"{&quot;step_next_label&quot;:&quot;Next&quot;,&quot;step_previous_label&quot;:&quot;Previous&quot;,&quot;button_width&quot;:&quot;100&quot;,&quot;step_type&quot;:&quot;number_text&quot;,&quot;step_icon_shape&quot;:&quot;circle&quot;}\" data-widget_type=\"form.default\">\n\t\t\t\t<div class=\"elementor-widget-container\">\n\t\t\t\t\t\t\t<form class=\"elementor-form\" method=\"post\" name=\"New Form\" aria-label=\"New Form\">\n\t\t\t<input type=\"hidden\" name=\"post_id\" value=\"2130\"\/>\n\t\t\t<input type=\"hidden\" name=\"form_id\" value=\"f8fb093\"\/>\n\t\t\t<input type=\"hidden\" name=\"referer_title\" value=\"Conseiller d\u00e9di\u00e9 - Poincar\u00e9 Gen\u00e8ve\" \/>\n\n\t\t\t\t\t\t\t<input type=\"hidden\" name=\"queried_id\" value=\"2130\"\/>\n\t\t\t\n\t\t\t<div class=\"elementor-form-fields-wrapper elementor-labels-\">\n\t\t\t\t\t\t\t\t<div class=\"elementor-field-type-select elementor-field-group elementor-column elementor-field-group-name elementor-col-100 elementor-field-required\">\n\t\t\t\t\t\t\t\t\t\t\t\t<label for=\"form-field-name\" class=\"elementor-field-label elementor-screen-only\">\n\t\t\t\t\t\t\t\tVOTRE DEMANDE\t\t\t\t\t\t\t<\/label>\n\t\t\t\t\t\t\t\t<div class=\"elementor-field elementor-select-wrapper remove-before \">\n\t\t\t<div class=\"select-caret-down-wrapper\">\n\t\t\t\t<i aria-hidden=\"true\" class=\"eicon-caret-down\"><\/i>\t\t\t<\/div>\n\t\t\t<select name=\"form_fields[name]\" id=\"form-field-name\" class=\"elementor-field-textual elementor-size-sm\" required=\"required\">\n\t\t\t\t\t\t\t\t\t<option value=\"VOTRE DEMANDE\">VOTRE DEMANDE<\/option>\n\t\t\t\t\t\t\t\t\t<option value=\"Conseiller sur nos produits\">Conseiller sur nos produits<\/option>\n\t\t\t\t\t\t\t\t\t<option value=\"Conseiller administratif et vente\">Conseiller administratif et vente<\/option>\n\t\t\t\t\t\t\t\t\t<option value=\"Conseiller technique\">Conseiller technique<\/option>\n\t\t\t\t\t\t\t<\/select>\n\t\t<\/div>\n\t\t\t\t\t\t<\/div>\n\t\t\t\t\t\t\t\t<div class=\"elementor-field-type-select elementor-field-group elementor-column elementor-field-group-field_0b68a3e elementor-col-100 elementor-field-required\">\n\t\t\t\t\t\t\t\t\t\t\t\t<label for=\"form-field-field_0b68a3e\" class=\"elementor-field-label elementor-screen-only\">\n\t\t\t\t\t\t\t\tCORRESPONDANCE\t\t\t\t\t\t\t<\/label>\n\t\t\t\t\t\t\t\t<div class=\"elementor-field elementor-select-wrapper remove-before \">\n\t\t\t<div class=\"select-caret-down-wrapper\">\n\t\t\t\t<i aria-hidden=\"true\" class=\"eicon-caret-down\"><\/i>\t\t\t<\/div>\n\t\t\t<select name=\"form_fields[field_0b68a3e]\" id=\"form-field-field_0b68a3e\" class=\"elementor-field-textual elementor-size-sm\" required=\"required\">\n\t\t\t\t\t\t\t\t\t<option value=\"CORRESPONDANCE\">CORRESPONDANCE<\/option>\n\t\t\t\t\t\t\t\t\t<option value=\"Je souhaite \u00eatre rappel\u00e9\">Je souhaite \u00eatre rappel\u00e9<\/option>\n\t\t\t\t\t\t\t\t\t<option value=\"Je souhaite \u00eatre contact\u00e9 par mail\">Je souhaite \u00eatre contact\u00e9 par mail<\/option>\n\t\t\t\t\t\t\t\t\t<option value=\"Je souhaite \u00eatre contact\u00e9 par WhatsApp\">Je souhaite \u00eatre contact\u00e9 par WhatsApp<\/option>\n\t\t\t\t\t\t\t<\/select>\n\t\t<\/div>\n\t\t\t\t\t\t<\/div>\n\t\t\t\t\t\t\t\t<div class=\"elementor-field-type-date elementor-field-group elementor-column elementor-field-group-field_5d1a16a elementor-col-100 elementor-field-required\">\n\t\t\t\t\t\t\t\t\t\t\t\t<label for=\"form-field-field_5d1a16a\" class=\"elementor-field-label elementor-screen-only\">\n\t\t\t\t\t\t\t\tDate\t\t\t\t\t\t\t<\/label>\n\t\t\t\t\t\t\n\t\t<input type=\"date\" name=\"form_fields[field_5d1a16a]\" id=\"form-field-field_5d1a16a\" class=\"elementor-field elementor-size-sm  elementor-field-textual elementor-date-field\" placeholder=\"Date\" required=\"required\" pattern=\"[0-9]{4}-[0-9]{2}-[0-9]{2}\" min=\"2021-07-19\">\n\t\t\t\t\t\t<\/div>\n\t\t\t\t\t\t\t\t<div class=\"elementor-field-type-time elementor-field-group elementor-column elementor-field-group-field_a23118b elementor-col-100 elementor-field-required\">\n\t\t\t\t\t\t\t\t\t\t\t\t<label for=\"form-field-field_a23118b\" class=\"elementor-field-label elementor-screen-only\">\n\t\t\t\t\t\t\t\tCr\u00e9neau Horaire\t\t\t\t\t\t\t<\/label>\n\t\t\t\t\t\t\t\t<input type=\"time\" name=\"form_fields[field_a23118b]\" id=\"form-field-field_a23118b\" class=\"elementor-field elementor-size-sm  elementor-field-textual elementor-time-field\" placeholder=\"Cr\u00e9neau Horaire\" required=\"required\">\n\t\t\t\t\t\t<\/div>\n\t\t\t\t\t\t\t\t<div class=\"elementor-field-type-text elementor-field-group elementor-column elementor-field-group-firstname elementor-col-100 elementor-field-required\">\n\t\t\t\t\t\t\t\t\t\t\t\t<label for=\"form-field-firstname\" class=\"elementor-field-label elementor-screen-only\">\n\t\t\t\t\t\t\t\tNom\t\t\t\t\t\t\t<\/label>\n\t\t\t\t\t\t\t\t\t\t\t\t\t\t<input size=\"1\" type=\"text\" name=\"form_fields[firstname]\" id=\"form-field-firstname\" class=\"elementor-field elementor-size-sm  elementor-field-textual\" placeholder=\"Nom *\" required=\"required\">\n\t\t\t\t\t\t\t\t\t\t\t<\/div>\n\t\t\t\t\t\t\t\t<div class=\"elementor-field-type-text elementor-field-group elementor-column elementor-field-group-name elementor-col-100 elementor-field-required\">\n\t\t\t\t\t\t\t\t\t\t\t\t<label for=\"form-field-name\" class=\"elementor-field-label elementor-screen-only\">\n\t\t\t\t\t\t\t\tPr\u00e9nom\t\t\t\t\t\t\t<\/label>\n\t\t\t\t\t\t\t\t\t\t\t\t\t\t<input size=\"1\" type=\"text\" name=\"form_fields[name]\" id=\"form-field-name\" class=\"elementor-field elementor-size-sm  elementor-field-textual\" placeholder=\"Pr\u00e9nom *\" required=\"required\">\n\t\t\t\t\t\t\t\t\t\t\t<\/div>\n\t\t\t\t\t\t\t\t<div class=\"elementor-field-type-text elementor-field-group elementor-column elementor-field-group-field_16fba71 elementor-col-100\">\n\t\t\t\t\t\t\t\t\t\t\t\t<label for=\"form-field-field_16fba71\" class=\"elementor-field-label elementor-screen-only\">\n\t\t\t\t\t\t\t\tPays\t\t\t\t\t\t\t<\/label>\n\t\t\t\t\t\t\t\t\t\t\t\t\t\t<input size=\"1\" type=\"text\" name=\"form_fields[field_16fba71]\" id=\"form-field-field_16fba71\" class=\"elementor-field elementor-size-sm  elementor-field-textual\" placeholder=\"Pays *\">\n\t\t\t\t\t\t\t\t\t\t\t<\/div>\n\t\t\t\t\t\t\t\t<div class=\"elementor-field-type-email elementor-field-group elementor-column elementor-field-group-email elementor-col-100 elementor-field-required\">\n\t\t\t\t\t\t\t\t\t\t\t\t<label for=\"form-field-email\" class=\"elementor-field-label elementor-screen-only\">\n\t\t\t\t\t\t\t\tEmail\t\t\t\t\t\t\t<\/label>\n\t\t\t\t\t\t\t\t\t\t\t\t\t\t<input size=\"1\" type=\"email\" name=\"form_fields[email]\" id=\"form-field-email\" class=\"elementor-field elementor-size-sm  elementor-field-textual\" placeholder=\"Email *\" required=\"required\">\n\t\t\t\t\t\t\t\t\t\t\t<\/div>\n\t\t\t\t\t\t\t\t<div class=\"elementor-field-type-text elementor-field-group elementor-column elementor-field-group-field_2cfecba elementor-col-100\">\n\t\t\t\t\t\t\t\t\t\t\t\t<label for=\"form-field-field_2cfecba\" class=\"elementor-field-label elementor-screen-only\">\n\t\t\t\t\t\t\t\tT\u00e9l\u00e9phone\t\t\t\t\t\t\t<\/label>\n\t\t\t\t\t\t\t\t\t\t\t\t\t\t<input size=\"1\" type=\"text\" name=\"form_fields[field_2cfecba]\" id=\"form-field-field_2cfecba\" class=\"elementor-field elementor-size-sm  elementor-field-textual\" placeholder=\"T\u00e9l\u00e9phone *\">\n\t\t\t\t\t\t\t\t\t\t\t<\/div>\n\t\t\t\t\t\t\t\t<div class=\"elementor-field-type-textarea elementor-field-group elementor-column elementor-field-group-field_6de4d01 elementor-col-100 elementor-field-required\">\n\t\t\t\t\t\t\t\t\t\t\t\t<label for=\"form-field-field_6de4d01\" class=\"elementor-field-label elementor-screen-only\">\n\t\t\t\t\t\t\t\tVotre message\t\t\t\t\t\t\t<\/label>\n\t\t\t\t\t\t<textarea class=\"elementor-field-textual elementor-field  elementor-size-sm\" name=\"form_fields[field_6de4d01]\" id=\"form-field-field_6de4d01\" rows=\"4\" placeholder=\"Entrez un message ici... *\" required=\"required\"><\/textarea>\t\t\t\t<\/div>\n\t\t\t\t\t\t\t\t<div class=\"elementor-field-group elementor-column elementor-field-type-submit elementor-col-100 e-form__buttons\">\n\t\t\t\t\t<button class=\"elementor-button elementor-size-sm\" type=\"submit\">\n\t\t\t\t\t\t<span class=\"elementor-button-content-wrapper\">\n\t\t\t\t\t\t\t\t\t\t\t\t\t\t\t\t\t\t\t\t\t\t<span class=\"elementor-button-text\">Envoyer<\/span>\n\t\t\t\t\t\t\t\t\t\t\t\t\t<\/span>\n\t\t\t\t\t<\/button>\n\t\t\t\t<\/div>\n\t\t\t<\/div>\n\t\t<\/form>\n\t\t\t\t\t\t<\/div>\n\t\t\t\t<\/div>\n\t\t\t\t\t<\/div>\n\t\t<\/div>\n\t\t\t\t<div class=\"elementor-column elementor-col-50 elementor-top-column elementor-element elementor-element-283ec0e elementor-hidden-mobile\" data-id=\"283ec0e\" data-element_type=\"column\" data-e-type=\"column\" data-settings=\"{&quot;background_background&quot;:&quot;classic&quot;}\">\n\t\t\t<div class=\"elementor-widget-wrap\">\n\t\t\t\t\t\t\t<\/div>\n\t\t<\/div>\n\t\t\t\t\t<\/div>\n\t\t<\/section>\n\t\t\t\t<\/div>\n\t\t","protected":false},"excerpt":{"rendered":"<p>CONSEILLER D\u00c9DI\u00c9 Nous accordons une grande importance \u00e0 nos clients et sommes toujours pr\u00eats \u00e0 r\u00e9pondre \u00e0 vos questions. Si vous avez des questions d&rsquo;ordre administratif ou concernant nos montres et que vous souhaitez nous contacter, n&rsquo;h\u00e9sitez pas \u00e0 prendre rendez-vous pour une assistance par t\u00e9l\u00e9phone ou par e-chat avec l&rsquo;un de nos conseillers sp\u00e9cialis\u00e9s. [&hellip;]<\/p>\n","protected":false},"author":1,"featured_media":6480,"parent":0,"menu_order":0,"comment_status":"closed","ping_status":"closed","template":"","meta":{"content-type":"","footnotes":""},"class_list":["post-2130","page","type-page","status-publish","has-post-thumbnail","hentry"],"yoast_head":"<!-- This site is optimized with the Yoast SEO plugin v27.6 - https:\/\/yoast.com\/product\/yoast-seo-wordpress\/ -->\n<title>Conseiller d\u00e9di\u00e9 - Poincar\u00e9 Gen\u00e8ve<\/title>\n<meta name=\"description\" content=\"Si vous avez des questions d\u2019ordre administratif ou concernant nos montres et que vous souhaitez nous contacter, n\u2019h\u00e9sitez pas \u00e0 prendre rendez-vous pour une assistance par t\u00e9l\u00e9phone avec l\u2019un de nos conseillers sp\u00e9cialis\u00e9s.\" \/>\n<meta name=\"robots\" content=\"index, follow, max-snippet:-1, max-image-preview:large, max-video-preview:-1\" \/>\n<link rel=\"canonical\" href=\"https:\/\/www.poincare-watch.com\/de\/conseiller-dedie\/\" \/>\n<meta property=\"og:locale\" content=\"de_DE\" \/>\n<meta property=\"og:type\" content=\"article\" \/>\n<meta property=\"og:title\" content=\"Conseiller d\u00e9di\u00e9 - Poincar\u00e9 Gen\u00e8ve\" \/>\n<meta property=\"og:description\" content=\"Si vous avez des questions d\u2019ordre administratif ou concernant nos montres et que vous souhaitez nous contacter, n\u2019h\u00e9sitez pas \u00e0 prendre rendez-vous pour une assistance par t\u00e9l\u00e9phone avec l\u2019un de nos conseillers sp\u00e9cialis\u00e9s.\" \/>\n<meta property=\"og:url\" content=\"https:\/\/www.poincare-watch.com\/de\/conseiller-dedie\/\" \/>\n<meta property=\"og:site_name\" content=\"Poincar\u00e9 Gen\u00e8ve\" \/>\n<meta property=\"article:modified_time\" content=\"2024-09-27T16:40:01+00:00\" \/>\n<meta property=\"og:image\" content=\"https:\/\/www.poincare-watch.com\/wp-content\/uploads\/2023\/02\/poincare-protocole-og.png\" \/>\n\t<meta property=\"og:image:width\" content=\"1050\" \/>\n\t<meta property=\"og:image:height\" content=\"600\" \/>\n\t<meta property=\"og:image:type\" content=\"image\/png\" \/>\n<meta name=\"twitter:card\" content=\"summary_large_image\" \/>\n<meta name=\"twitter:label1\" content=\"Gesch\u00e4tzte Lesezeit\" \/>\n\t<meta name=\"twitter:data1\" content=\"1\u00a0Minute\" \/>\n<script type=\"application\/ld+json\" class=\"yoast-schema-graph\">{\"@context\":\"https:\\\/\\\/schema.org\",\"@graph\":[{\"@type\":\"WebPage\",\"@id\":\"https:\\\/\\\/www.poincare-watch.com\\\/conseiller-dedie\\\/\",\"url\":\"https:\\\/\\\/www.poincare-watch.com\\\/conseiller-dedie\\\/\",\"name\":\"Conseiller d\u00e9di\u00e9 - Poincar\u00e9 Gen\u00e8ve\",\"isPartOf\":{\"@id\":\"https:\\\/\\\/www.poincare-watch.com\\\/#website\"},\"primaryImageOfPage\":{\"@id\":\"https:\\\/\\\/www.poincare-watch.com\\\/conseiller-dedie\\\/#primaryimage\"},\"image\":{\"@id\":\"https:\\\/\\\/www.poincare-watch.com\\\/conseiller-dedie\\\/#primaryimage\"},\"thumbnailUrl\":\"https:\\\/\\\/www.poincare-watch.com\\\/wp-content\\\/uploads\\\/2023\\\/02\\\/poincare-protocole-og.png\",\"datePublished\":\"2021-07-19T10:51:30+00:00\",\"dateModified\":\"2024-09-27T16:40:01+00:00\",\"description\":\"Si vous avez des questions d\u2019ordre administratif ou concernant nos montres et que vous souhaitez nous contacter, n\u2019h\u00e9sitez pas \u00e0 prendre rendez-vous pour une assistance par t\u00e9l\u00e9phone avec l\u2019un de nos conseillers sp\u00e9cialis\u00e9s.\",\"breadcrumb\":{\"@id\":\"https:\\\/\\\/www.poincare-watch.com\\\/conseiller-dedie\\\/#breadcrumb\"},\"inLanguage\":\"de\",\"potentialAction\":[{\"@type\":\"ReadAction\",\"target\":[\"https:\\\/\\\/www.poincare-watch.com\\\/conseiller-dedie\\\/\"]}]},{\"@type\":\"ImageObject\",\"inLanguage\":\"de\",\"@id\":\"https:\\\/\\\/www.poincare-watch.com\\\/conseiller-dedie\\\/#primaryimage\",\"url\":\"https:\\\/\\\/www.poincare-watch.com\\\/wp-content\\\/uploads\\\/2023\\\/02\\\/poincare-protocole-og.png\",\"contentUrl\":\"https:\\\/\\\/www.poincare-watch.com\\\/wp-content\\\/uploads\\\/2023\\\/02\\\/poincare-protocole-og.png\",\"width\":1050,\"height\":600},{\"@type\":\"BreadcrumbList\",\"@id\":\"https:\\\/\\\/www.poincare-watch.com\\\/conseiller-dedie\\\/#breadcrumb\",\"itemListElement\":[{\"@type\":\"ListItem\",\"position\":1,\"name\":\"Accueil\",\"item\":\"https:\\\/\\\/www.poincare-watch.com\\\/\"},{\"@type\":\"ListItem\",\"position\":2,\"name\":\"Conseiller d\u00e9di\u00e9\"}]},{\"@type\":\"WebSite\",\"@id\":\"https:\\\/\\\/www.poincare-watch.com\\\/#website\",\"url\":\"https:\\\/\\\/www.poincare-watch.com\\\/\",\"name\":\"Poincar\u00e9\",\"description\":\"Swiss Luxury Watches\",\"publisher\":{\"@id\":\"https:\\\/\\\/www.poincare-watch.com\\\/#organization\"},\"alternateName\":\"Poincar\u00e9 Gen\u00e8ve\",\"potentialAction\":[{\"@type\":\"SearchAction\",\"target\":{\"@type\":\"EntryPoint\",\"urlTemplate\":\"https:\\\/\\\/www.poincare-watch.com\\\/?s={search_term_string}\"},\"query-input\":{\"@type\":\"PropertyValueSpecification\",\"valueRequired\":true,\"valueName\":\"search_term_string\"}}],\"inLanguage\":\"de\"},{\"@type\":\"Organization\",\"@id\":\"https:\\\/\\\/www.poincare-watch.com\\\/#organization\",\"name\":\"Poincar\u00e9\",\"alternateName\":\"Poincar\u00e9 Gen\u00e8ve\",\"url\":\"https:\\\/\\\/www.poincare-watch.com\\\/\",\"logo\":{\"@type\":\"ImageObject\",\"inLanguage\":\"de\",\"@id\":\"https:\\\/\\\/www.poincare-watch.com\\\/#\\\/schema\\\/logo\\\/image\\\/\",\"url\":\"https:\\\/\\\/www.poincare-watch.com\\\/wp-content\\\/uploads\\\/2021\\\/03\\\/Poincare-watch.svg\",\"contentUrl\":\"https:\\\/\\\/www.poincare-watch.com\\\/wp-content\\\/uploads\\\/2021\\\/03\\\/Poincare-watch.svg\",\"width\":255.1,\"height\":127.6,\"caption\":\"Poincar\u00e9\"},\"image\":{\"@id\":\"https:\\\/\\\/www.poincare-watch.com\\\/#\\\/schema\\\/logo\\\/image\\\/\"},\"sameAs\":[\"https:\\\/\\\/www.linkedin.com\\\/company\\\/poincarewatch\"]}]}<\/script>\n<!-- \/ Yoast SEO plugin. -->","yoast_head_json":{"title":"Conseiller d\u00e9di\u00e9 - Poincar\u00e9 Gen\u00e8ve","description":"Si vous avez des questions d\u2019ordre administratif ou concernant nos montres et que vous souhaitez nous contacter, n\u2019h\u00e9sitez pas \u00e0 prendre rendez-vous pour une assistance par t\u00e9l\u00e9phone avec l\u2019un de nos conseillers sp\u00e9cialis\u00e9s.","robots":{"index":"index","follow":"follow","max-snippet":"max-snippet:-1","max-image-preview":"max-image-preview:large","max-video-preview":"max-video-preview:-1"},"canonical":"https:\/\/www.poincare-watch.com\/de\/conseiller-dedie\/","og_locale":"de_DE","og_type":"article","og_title":"Conseiller d\u00e9di\u00e9 - Poincar\u00e9 Gen\u00e8ve","og_description":"Si vous avez des questions d\u2019ordre administratif ou concernant nos montres et que vous souhaitez nous contacter, n\u2019h\u00e9sitez pas \u00e0 prendre rendez-vous pour une assistance par t\u00e9l\u00e9phone avec l\u2019un de nos conseillers sp\u00e9cialis\u00e9s.","og_url":"https:\/\/www.poincare-watch.com\/de\/conseiller-dedie\/","og_site_name":"Poincar\u00e9 Gen\u00e8ve","article_modified_time":"2024-09-27T16:40:01+00:00","og_image":[{"width":1050,"height":600,"url":"https:\/\/www.poincare-watch.com\/wp-content\/uploads\/2023\/02\/poincare-protocole-og.png","type":"image\/png"}],"twitter_card":"summary_large_image","twitter_misc":{"Gesch\u00e4tzte Lesezeit":"1\u00a0Minute"},"schema":{"@context":"https:\/\/schema.org","@graph":[{"@type":"WebPage","@id":"https:\/\/www.poincare-watch.com\/conseiller-dedie\/","url":"https:\/\/www.poincare-watch.com\/conseiller-dedie\/","name":"Conseiller d\u00e9di\u00e9 - Poincar\u00e9 Gen\u00e8ve","isPartOf":{"@id":"https:\/\/www.poincare-watch.com\/#website"},"primaryImageOfPage":{"@id":"https:\/\/www.poincare-watch.com\/conseiller-dedie\/#primaryimage"},"image":{"@id":"https:\/\/www.poincare-watch.com\/conseiller-dedie\/#primaryimage"},"thumbnailUrl":"https:\/\/www.poincare-watch.com\/wp-content\/uploads\/2023\/02\/poincare-protocole-og.png","datePublished":"2021-07-19T10:51:30+00:00","dateModified":"2024-09-27T16:40:01+00:00","description":"Si vous avez des questions d\u2019ordre administratif ou concernant nos montres et que vous souhaitez nous contacter, n\u2019h\u00e9sitez pas \u00e0 prendre rendez-vous pour une assistance par t\u00e9l\u00e9phone avec l\u2019un de nos conseillers sp\u00e9cialis\u00e9s.","breadcrumb":{"@id":"https:\/\/www.poincare-watch.com\/conseiller-dedie\/#breadcrumb"},"inLanguage":"de","potentialAction":[{"@type":"ReadAction","target":["https:\/\/www.poincare-watch.com\/conseiller-dedie\/"]}]},{"@type":"ImageObject","inLanguage":"de","@id":"https:\/\/www.poincare-watch.com\/conseiller-dedie\/#primaryimage","url":"https:\/\/www.poincare-watch.com\/wp-content\/uploads\/2023\/02\/poincare-protocole-og.png","contentUrl":"https:\/\/www.poincare-watch.com\/wp-content\/uploads\/2023\/02\/poincare-protocole-og.png","width":1050,"height":600},{"@type":"BreadcrumbList","@id":"https:\/\/www.poincare-watch.com\/conseiller-dedie\/#breadcrumb","itemListElement":[{"@type":"ListItem","position":1,"name":"Accueil","item":"https:\/\/www.poincare-watch.com\/"},{"@type":"ListItem","position":2,"name":"Conseiller d\u00e9di\u00e9"}]},{"@type":"WebSite","@id":"https:\/\/www.poincare-watch.com\/#website","url":"https:\/\/www.poincare-watch.com\/","name":"Poincar\u00e9","description":"Schweizer Luxusuhren","publisher":{"@id":"https:\/\/www.poincare-watch.com\/#organization"},"alternateName":"Poincar\u00e9 Gen\u00e8ve","potentialAction":[{"@type":"SearchAction","target":{"@type":"EntryPoint","urlTemplate":"https:\/\/www.poincare-watch.com\/?s={search_term_string}"},"query-input":{"@type":"PropertyValueSpecification","valueRequired":true,"valueName":"search_term_string"}}],"inLanguage":"de"},{"@type":"Organization","@id":"https:\/\/www.poincare-watch.com\/#organization","name":"Poincar\u00e9","alternateName":"Poincar\u00e9 Gen\u00e8ve","url":"https:\/\/www.poincare-watch.com\/","logo":{"@type":"ImageObject","inLanguage":"de","@id":"https:\/\/www.poincare-watch.com\/#\/schema\/logo\/image\/","url":"https:\/\/www.poincare-watch.com\/wp-content\/uploads\/2021\/03\/Poincare-watch.svg","contentUrl":"https:\/\/www.poincare-watch.com\/wp-content\/uploads\/2021\/03\/Poincare-watch.svg","width":255.1,"height":127.6,"caption":"Poincar\u00e9"},"image":{"@id":"https:\/\/www.poincare-watch.com\/#\/schema\/logo\/image\/"},"sameAs":["https:\/\/www.linkedin.com\/company\/poincarewatch"]}]}},"_links":{"self":[{"href":"https:\/\/www.poincare-watch.com\/de\/wp-json\/wp\/v2\/pages\/2130","targetHints":{"allow":["GET"]}}],"collection":[{"href":"https:\/\/www.poincare-watch.com\/de\/wp-json\/wp\/v2\/pages"}],"about":[{"href":"https:\/\/www.poincare-watch.com\/de\/wp-json\/wp\/v2\/types\/page"}],"author":[{"embeddable":true,"href":"https:\/\/www.poincare-watch.com\/de\/wp-json\/wp\/v2\/users\/1"}],"replies":[{"embeddable":true,"href":"https:\/\/www.poincare-watch.com\/de\/wp-json\/wp\/v2\/comments?post=2130"}],"version-history":[{"count":98,"href":"https:\/\/www.poincare-watch.com\/de\/wp-json\/wp\/v2\/pages\/2130\/revisions"}],"predecessor-version":[{"id":8349,"href":"https:\/\/www.poincare-watch.com\/de\/wp-json\/wp\/v2\/pages\/2130\/revisions\/8349"}],"wp:featuredmedia":[{"embeddable":true,"href":"https:\/\/www.poincare-watch.com\/de\/wp-json\/wp\/v2\/media\/6480"}],"wp:attachment":[{"href":"https:\/\/www.poincare-watch.com\/de\/wp-json\/wp\/v2\/media?parent=2130"}],"curies":[{"name":"wp","href":"https:\/\/api.w.org\/{rel}","templated":true}]}}