{"id":7783,"date":"2024-04-26T12:45:41","date_gmt":"2024-04-26T10:45:41","guid":{"rendered":"https:\/\/www.poincare-watch.com\/?post_type=product&#038;p=7783"},"modified":"2025-11-28T12:51:10","modified_gmt":"2025-11-28T11:51:10","slug":"kadra-s-automatique-silver-brown","status":"publish","type":"product","link":"https:\/\/www.poincare-watch.com\/ar\/montres\/kadra-s-automatique-silver-brown\/","title":{"rendered":"\u0643\u0627\u062f\u0631\u0627 S \u0623\u0648\u062a\u0648\u0645\u0627\u062a\u064a\u0643\u064a - \u0628\u0646\u064a \u0641\u0636\u064a"},"content":{"rendered":"<p>\u062a\u0644\u0642\u0627\u0626\u064a<br \/>\n\u0641\u0648\u0644\u0627\u0630 904L\u060c 41 \u0645\u0645<br \/>\nCadran Blanc<br \/>\n\u0633\u0648\u0627\u0631 \u0645\u0646 \u062c\u0644\u062f \u0627\u0644\u062a\u0645\u0633\u0627\u062d \u0647\u0627\u0641\u0627\u0646\u0627 \u0628\u0631\u0627\u0648\u0646<\/p>","protected":false},"excerpt":{"rendered":"<p>Automatique Acier 904L, 41 mm Cadran Blanc Bracelet Alligator Havana Brown<\/p>","protected":false},"featured_media":7793,"template":"","meta":{"content-type":""},"product_brand":[],"product_cat":[35,37],"product_tag":[44],"class_list":{"0":"post-7783","1":"product","2":"type-product","3":"status-publish","4":"has-post-thumbnail","6":"product_cat-acier","7":"product_cat-automatique","8":"product_tag-sa-silver-brown","10":"first","11":"instock","12":"taxable","13":"shipping-taxable","14":"purchasable","15":"product-type-simple"},"yoast_head":"<!-- This site is optimized with the Yoast SEO plugin v27.3 - https:\/\/yoast.com\/product\/yoast-seo-wordpress\/ -->\n<title>KADRA S Automatique - Silver Brown - Poincar\u00e9 Gen\u00e8ve<\/title>\n<meta name=\"description\" content=\"POINCAR\u00c9 KADRA S Chronograph selfwinding, Steel 904 L, 42 mm, Black dial, Alligator Black Night strap. Swiss Luxury Watch, Geneva.\" \/>\n<meta name=\"robots\" content=\"index, follow, max-snippet:-1, max-image-preview:large, max-video-preview:-1\" \/>\n<link rel=\"canonical\" href=\"https:\/\/www.poincare-watch.com\/ar\/montres\/kadra-s-automatique-silver-brown\/\" \/>\n<meta property=\"og:locale\" content=\"ar_AR\" \/>\n<meta property=\"og:type\" content=\"article\" \/>\n<meta property=\"og:title\" content=\"KADRA S Automatique - Silver Brown - Poincar\u00e9 Gen\u00e8ve\" \/>\n<meta property=\"og:description\" content=\"POINCAR\u00c9 KADRA S Chronograph selfwinding, Steel 904 L, 42 mm, Black dial, Alligator Black Night strap. Swiss Luxury Watch, Geneva.\" \/>\n<meta property=\"og:url\" content=\"https:\/\/www.poincare-watch.com\/ar\/montres\/kadra-s-automatique-silver-brown\/\" \/>\n<meta property=\"og:site_name\" content=\"Poincar\u00e9 Gen\u00e8ve\" \/>\n<meta property=\"article:modified_time\" content=\"2025-11-28T11:51:10+00:00\" \/>\n<meta property=\"og:image\" content=\"https:\/\/www.poincare-watch.com\/wp-content\/uploads\/2024\/04\/Poincare_Kadra_S_Automatique_2024_Soldat_Silver_Big.png\" \/>\n\t<meta property=\"og:image:width\" content=\"862\" \/>\n\t<meta property=\"og:image:height\" content=\"1300\" \/>\n\t<meta property=\"og:image:type\" content=\"image\/png\" \/>\n<meta name=\"twitter:card\" content=\"summary_large_image\" \/>\n<meta name=\"twitter:label1\" content=\"\u0648\u0642\u062a \u0627\u0644\u0642\u0631\u0627\u0621\u0629 \u0627\u0644\u0645\u064f\u0642\u062f\u0651\u0631\" \/>\n\t<meta name=\"twitter:data1\" content=\"\u062f\u0642\u064a\u0642\u0629 \u0648\u0627\u062d\u062f\u0629\" \/>\n<script type=\"application\/ld+json\" class=\"yoast-schema-graph\">{\"@context\":\"https:\\\/\\\/schema.org\",\"@graph\":[{\"@type\":\"WebPage\",\"@id\":\"https:\\\/\\\/www.poincare-watch.com\\\/montres\\\/kadra-s-automatique-silver-brown\\\/\",\"url\":\"https:\\\/\\\/www.poincare-watch.com\\\/montres\\\/kadra-s-automatique-silver-brown\\\/\",\"name\":\"KADRA S Automatique - Silver Brown - Poincar\u00e9 Gen\u00e8ve\",\"isPartOf\":{\"@id\":\"https:\\\/\\\/www.poincare-watch.com\\\/#website\"},\"primaryImageOfPage\":{\"@id\":\"https:\\\/\\\/www.poincare-watch.com\\\/montres\\\/kadra-s-automatique-silver-brown\\\/#primaryimage\"},\"image\":{\"@id\":\"https:\\\/\\\/www.poincare-watch.com\\\/montres\\\/kadra-s-automatique-silver-brown\\\/#primaryimage\"},\"thumbnailUrl\":\"https:\\\/\\\/www.poincare-watch.com\\\/wp-content\\\/uploads\\\/2024\\\/04\\\/Poincare_Kadra_S_Automatique_2024_Soldat_Silver_Big.png\",\"datePublished\":\"2024-04-26T10:45:41+00:00\",\"dateModified\":\"2025-11-28T11:51:10+00:00\",\"description\":\"POINCAR\u00c9 KADRA S Chronograph selfwinding, Steel 904 L, 42 mm, Black dial, Alligator Black Night strap. Swiss Luxury Watch, Geneva.\",\"breadcrumb\":{\"@id\":\"https:\\\/\\\/www.poincare-watch.com\\\/montres\\\/kadra-s-automatique-silver-brown\\\/#breadcrumb\"},\"inLanguage\":\"ar\",\"potentialAction\":[{\"@type\":\"ReadAction\",\"target\":[\"https:\\\/\\\/www.poincare-watch.com\\\/montres\\\/kadra-s-automatique-silver-brown\\\/\"]}]},{\"@type\":\"ImageObject\",\"inLanguage\":\"ar\",\"@id\":\"https:\\\/\\\/www.poincare-watch.com\\\/montres\\\/kadra-s-automatique-silver-brown\\\/#primaryimage\",\"url\":\"https:\\\/\\\/www.poincare-watch.com\\\/wp-content\\\/uploads\\\/2024\\\/04\\\/Poincare_Kadra_S_Automatique_2024_Soldat_Silver_Big.png\",\"contentUrl\":\"https:\\\/\\\/www.poincare-watch.com\\\/wp-content\\\/uploads\\\/2024\\\/04\\\/Poincare_Kadra_S_Automatique_2024_Soldat_Silver_Big.png\",\"width\":862,\"height\":1300},{\"@type\":\"BreadcrumbList\",\"@id\":\"https:\\\/\\\/www.poincare-watch.com\\\/montres\\\/kadra-s-automatique-silver-brown\\\/#breadcrumb\",\"itemListElement\":[{\"@type\":\"ListItem\",\"position\":1,\"name\":\"Accueil\",\"item\":\"https:\\\/\\\/www.poincare-watch.com\\\/\"},{\"@type\":\"ListItem\",\"position\":2,\"name\":\"Montres\",\"item\":\"https:\\\/\\\/www.poincare-watch.com\\\/montres\\\/\"},{\"@type\":\"ListItem\",\"position\":3,\"name\":\"KADRA S Automatique &#8211; Silver Brown\"}]},{\"@type\":\"WebSite\",\"@id\":\"https:\\\/\\\/www.poincare-watch.com\\\/#website\",\"url\":\"https:\\\/\\\/www.poincare-watch.com\\\/\",\"name\":\"Poincar\u00e9\",\"description\":\"Swiss Luxury Watches\",\"publisher\":{\"@id\":\"https:\\\/\\\/www.poincare-watch.com\\\/#organization\"},\"alternateName\":\"Poincar\u00e9 Gen\u00e8ve\",\"potentialAction\":[{\"@type\":\"SearchAction\",\"target\":{\"@type\":\"EntryPoint\",\"urlTemplate\":\"https:\\\/\\\/www.poincare-watch.com\\\/?s={search_term_string}\"},\"query-input\":{\"@type\":\"PropertyValueSpecification\",\"valueRequired\":true,\"valueName\":\"search_term_string\"}}],\"inLanguage\":\"ar\"},{\"@type\":\"Organization\",\"@id\":\"https:\\\/\\\/www.poincare-watch.com\\\/#organization\",\"name\":\"Poincar\u00e9\",\"alternateName\":\"Poincar\u00e9 Gen\u00e8ve\",\"url\":\"https:\\\/\\\/www.poincare-watch.com\\\/\",\"logo\":{\"@type\":\"ImageObject\",\"inLanguage\":\"ar\",\"@id\":\"https:\\\/\\\/www.poincare-watch.com\\\/#\\\/schema\\\/logo\\\/image\\\/\",\"url\":\"https:\\\/\\\/www.poincare-watch.com\\\/wp-content\\\/uploads\\\/2021\\\/03\\\/Poincare-watch.svg\",\"contentUrl\":\"https:\\\/\\\/www.poincare-watch.com\\\/wp-content\\\/uploads\\\/2021\\\/03\\\/Poincare-watch.svg\",\"width\":255.1,\"height\":127.6,\"caption\":\"Poincar\u00e9\"},\"image\":{\"@id\":\"https:\\\/\\\/www.poincare-watch.com\\\/#\\\/schema\\\/logo\\\/image\\\/\"},\"sameAs\":[\"https:\\\/\\\/www.linkedin.com\\\/company\\\/poincarewatch\"]}]}<\/script>\n<!-- \/ Yoast SEO plugin. -->","yoast_head_json":{"title":"KADRA S Automatique - Silver Brown - Poincar\u00e9 Gen\u00e8ve","description":"POINCAR\u00c9 KADRA S Chronograph selfwinding, Steel 904 L, 42 mm, Black dial, Alligator Black Night strap. Swiss Luxury Watch, Geneva.","robots":{"index":"index","follow":"follow","max-snippet":"max-snippet:-1","max-image-preview":"max-image-preview:large","max-video-preview":"max-video-preview:-1"},"canonical":"https:\/\/www.poincare-watch.com\/ar\/montres\/kadra-s-automatique-silver-brown\/","og_locale":"ar_AR","og_type":"article","og_title":"KADRA S Automatique - Silver Brown - Poincar\u00e9 Gen\u00e8ve","og_description":"POINCAR\u00c9 KADRA S Chronograph selfwinding, Steel 904 L, 42 mm, Black dial, Alligator Black Night strap. Swiss Luxury Watch, Geneva.","og_url":"https:\/\/www.poincare-watch.com\/ar\/montres\/kadra-s-automatique-silver-brown\/","og_site_name":"Poincar\u00e9 Gen\u00e8ve","article_modified_time":"2025-11-28T11:51:10+00:00","og_image":[{"width":862,"height":1300,"url":"https:\/\/www.poincare-watch.com\/wp-content\/uploads\/2024\/04\/Poincare_Kadra_S_Automatique_2024_Soldat_Silver_Big.png","type":"image\/png"}],"twitter_card":"summary_large_image","twitter_misc":{"\u0648\u0642\u062a \u0627\u0644\u0642\u0631\u0627\u0621\u0629 \u0627\u0644\u0645\u064f\u0642\u062f\u0651\u0631":"\u062f\u0642\u064a\u0642\u0629 \u0648\u0627\u062d\u062f\u0629"},"schema":{"@context":"https:\/\/schema.org","@graph":[{"@type":"WebPage","@id":"https:\/\/www.poincare-watch.com\/montres\/kadra-s-automatique-silver-brown\/","url":"https:\/\/www.poincare-watch.com\/montres\/kadra-s-automatique-silver-brown\/","name":"KADRA S Automatique - Silver Brown - Poincar\u00e9 Gen\u00e8ve","isPartOf":{"@id":"https:\/\/www.poincare-watch.com\/#website"},"primaryImageOfPage":{"@id":"https:\/\/www.poincare-watch.com\/montres\/kadra-s-automatique-silver-brown\/#primaryimage"},"image":{"@id":"https:\/\/www.poincare-watch.com\/montres\/kadra-s-automatique-silver-brown\/#primaryimage"},"thumbnailUrl":"https:\/\/www.poincare-watch.com\/wp-content\/uploads\/2024\/04\/Poincare_Kadra_S_Automatique_2024_Soldat_Silver_Big.png","datePublished":"2024-04-26T10:45:41+00:00","dateModified":"2025-11-28T11:51:10+00:00","description":"POINCAR\u00c9 KADRA S Chronograph selfwinding, Steel 904 L, 42 mm, Black dial, Alligator Black Night strap. Swiss Luxury Watch, Geneva.","breadcrumb":{"@id":"https:\/\/www.poincare-watch.com\/montres\/kadra-s-automatique-silver-brown\/#breadcrumb"},"inLanguage":"ar","potentialAction":[{"@type":"ReadAction","target":["https:\/\/www.poincare-watch.com\/montres\/kadra-s-automatique-silver-brown\/"]}]},{"@type":"ImageObject","inLanguage":"ar","@id":"https:\/\/www.poincare-watch.com\/montres\/kadra-s-automatique-silver-brown\/#primaryimage","url":"https:\/\/www.poincare-watch.com\/wp-content\/uploads\/2024\/04\/Poincare_Kadra_S_Automatique_2024_Soldat_Silver_Big.png","contentUrl":"https:\/\/www.poincare-watch.com\/wp-content\/uploads\/2024\/04\/Poincare_Kadra_S_Automatique_2024_Soldat_Silver_Big.png","width":862,"height":1300},{"@type":"BreadcrumbList","@id":"https:\/\/www.poincare-watch.com\/montres\/kadra-s-automatique-silver-brown\/#breadcrumb","itemListElement":[{"@type":"ListItem","position":1,"name":"Accueil","item":"https:\/\/www.poincare-watch.com\/"},{"@type":"ListItem","position":2,"name":"Montres","item":"https:\/\/www.poincare-watch.com\/montres\/"},{"@type":"ListItem","position":3,"name":"KADRA S Automatique &#8211; Silver Brown"}]},{"@type":"WebSite","@id":"https:\/\/www.poincare-watch.com\/#website","url":"https:\/\/www.poincare-watch.com\/","name":"\u0628\u0648\u0627\u0646\u0643\u0627\u0631\u064a\u0647","description":"\u0627\u0644\u0633\u0627\u0639\u0627\u062a \u0627\u0644\u0633\u0648\u064a\u0633\u0631\u064a\u0629 \u0627\u0644\u0641\u0627\u062e\u0631\u0629","publisher":{"@id":"https:\/\/www.poincare-watch.com\/#organization"},"alternateName":"Poincar\u00e9 Gen\u00e8ve","potentialAction":[{"@type":"SearchAction","target":{"@type":"EntryPoint","urlTemplate":"https:\/\/www.poincare-watch.com\/?s={search_term_string}"},"query-input":{"@type":"PropertyValueSpecification","valueRequired":true,"valueName":"search_term_string"}}],"inLanguage":"ar"},{"@type":"Organization","@id":"https:\/\/www.poincare-watch.com\/#organization","name":"\u0628\u0648\u0627\u0646\u0643\u0627\u0631\u064a\u0647","alternateName":"Poincar\u00e9 Gen\u00e8ve","url":"https:\/\/www.poincare-watch.com\/","logo":{"@type":"ImageObject","inLanguage":"ar","@id":"https:\/\/www.poincare-watch.com\/#\/schema\/logo\/image\/","url":"https:\/\/www.poincare-watch.com\/wp-content\/uploads\/2021\/03\/Poincare-watch.svg","contentUrl":"https:\/\/www.poincare-watch.com\/wp-content\/uploads\/2021\/03\/Poincare-watch.svg","width":255.1,"height":127.6,"caption":"Poincar\u00e9"},"image":{"@id":"https:\/\/www.poincare-watch.com\/#\/schema\/logo\/image\/"},"sameAs":["https:\/\/www.linkedin.com\/company\/poincarewatch"]}]}},"_links":{"self":[{"href":"https:\/\/www.poincare-watch.com\/ar\/wp-json\/wp\/v2\/product\/7783","targetHints":{"allow":["GET"]}}],"collection":[{"href":"https:\/\/www.poincare-watch.com\/ar\/wp-json\/wp\/v2\/product"}],"about":[{"href":"https:\/\/www.poincare-watch.com\/ar\/wp-json\/wp\/v2\/types\/product"}],"wp:featuredmedia":[{"embeddable":true,"href":"https:\/\/www.poincare-watch.com\/ar\/wp-json\/wp\/v2\/media\/7793"}],"wp:attachment":[{"href":"https:\/\/www.poincare-watch.com\/ar\/wp-json\/wp\/v2\/media?parent=7783"}],"wp:term":[{"taxonomy":"product_brand","embeddable":true,"href":"https:\/\/www.poincare-watch.com\/ar\/wp-json\/wp\/v2\/product_brand?post=7783"},{"taxonomy":"product_cat","embeddable":true,"href":"https:\/\/www.poincare-watch.com\/ar\/wp-json\/wp\/v2\/product_cat?post=7783"},{"taxonomy":"product_tag","embeddable":true,"href":"https:\/\/www.poincare-watch.com\/ar\/wp-json\/wp\/v2\/product_tag?post=7783"}],"curies":[{"name":"\u062f\u0628\u0644\u064a\u0648 \u0628\u064a","href":"https:\/\/api.w.org\/{rel}","templated":true}]}}