{"id":1672,"date":"2021-06-08T08:55:53","date_gmt":"2021-06-08T06:55:53","guid":{"rendered":"https:\/\/poincare-watch.com\/?page_id=1672"},"modified":"2023-02-23T14:54:31","modified_gmt":"2023-02-23T13:54:31","slug":"garantie","status":"publish","type":"page","link":"https:\/\/www.poincare-watch.com\/ar\/garantie\/","title":{"rendered":"\u0627\u0644\u0636\u0645\u0627\u0646"},"content":{"rendered":"\t\t<div data-elementor-type=\"wp-page\" data-elementor-id=\"1672\" class=\"elementor elementor-1672\" data-elementor-post-type=\"page\">\n\t\t\t\t\t\t<section data-particle_enable=\"false\" data-particle-mobile-disabled=\"false\" class=\"elementor-section elementor-top-section elementor-element elementor-element-bbf24ea elementor-section-full_width elementor-section-height-min-height elementor-section-height-default elementor-section-items-middle\" data-id=\"bbf24ea\" data-element_type=\"section\" data-e-type=\"section\" data-settings=\"{&quot;background_background&quot;:&quot;classic&quot;}\">\n\t\t\t\t\t\t\t<div class=\"elementor-background-overlay\"><\/div>\n\t\t\t\t\t\t\t<div class=\"elementor-container elementor-column-gap-default\">\n\t\t\t\t\t<div class=\"elementor-column elementor-col-100 elementor-top-column elementor-element elementor-element-19c59bd\" data-id=\"19c59bd\" data-element_type=\"column\" data-e-type=\"column\">\n\t\t\t<div class=\"elementor-widget-wrap elementor-element-populated\">\n\t\t\t\t\t\t<div class=\"elementor-element elementor-element-bfad4c3 elementor-widget elementor-widget-heading\" data-id=\"bfad4c3\" data-element_type=\"widget\" data-e-type=\"widget\" data-widget_type=\"heading.default\">\n\t\t\t\t<div class=\"elementor-widget-container\">\n\t\t\t\t\t<h1 class=\"elementor-heading-title elementor-size-default\">GARANTIE<\/h1>\t\t\t\t<\/div>\n\t\t\t\t<\/div>\n\t\t\t\t\t<\/div>\n\t\t<\/div>\n\t\t\t\t\t<\/div>\n\t\t<\/section>\n\t\t\t\t<section data-particle_enable=\"false\" data-particle-mobile-disabled=\"false\" class=\"elementor-section elementor-top-section elementor-element elementor-element-d137dd9 elementor-section-height-min-height elementor-section-boxed elementor-section-height-default elementor-section-items-middle\" data-id=\"d137dd9\" data-element_type=\"section\" data-e-type=\"section\">\n\t\t\t\t\t\t<div class=\"elementor-container elementor-column-gap-default\">\n\t\t\t\t\t<div class=\"elementor-column elementor-col-100 elementor-top-column elementor-element elementor-element-055b88e\" data-id=\"055b88e\" data-element_type=\"column\" data-e-type=\"column\">\n\t\t\t<div class=\"elementor-widget-wrap elementor-element-populated\">\n\t\t\t\t\t\t<div class=\"elementor-element elementor-element-69a46d7 elementor-widget elementor-widget-heading\" data-id=\"69a46d7\" data-element_type=\"widget\" data-e-type=\"widget\" data-widget_type=\"heading.default\">\n\t\t\t\t<div class=\"elementor-widget-container\">\n\t\t\t\t\t<p class=\"elementor-heading-title elementor-size-default\"><a href=\"https:\/\/poincare-watch.com\/\">Accueil \/ GARANTIE<\/a><\/p>\t\t\t\t<\/div>\n\t\t\t\t<\/div>\n\t\t\t\t\t<\/div>\n\t\t<\/div>\n\t\t\t\t\t<\/div>\n\t\t<\/section>\n\t\t\t\t<section data-particle_enable=\"false\" data-particle-mobile-disabled=\"false\" class=\"elementor-section elementor-top-section elementor-element elementor-element-f58ff6f elementor-section-boxed elementor-section-height-default elementor-section-height-default\" data-id=\"f58ff6f\" data-element_type=\"section\" data-e-type=\"section\">\n\t\t\t\t\t\t<div class=\"elementor-container elementor-column-gap-default\">\n\t\t\t\t\t<div class=\"elementor-column elementor-col-100 elementor-top-column elementor-element elementor-element-163c049\" data-id=\"163c049\" data-element_type=\"column\" data-e-type=\"column\">\n\t\t\t<div class=\"elementor-widget-wrap elementor-element-populated\">\n\t\t\t\t\t\t<div class=\"elementor-element elementor-element-5770c96 elementor-widget elementor-widget-text-editor\" data-id=\"5770c96\" data-element_type=\"widget\" data-e-type=\"widget\" data-widget_type=\"text-editor.default\">\n\t\t\t\t<div class=\"elementor-widget-container\">\n\t\t\t\t\t\t\t\t\t<p>Votre montre Poincar\u00e9 a \u00e9t\u00e9 con\u00e7ue pour r\u00e9sister \u00e0 l\u2019usure du temps, afin que vous puissiez l\u2019utiliser tout au long de votre vie, quelles que soient vos activit\u00e9s. Nous vous offrons la possibilit\u00e9 d&rsquo;\u00e9tendre votre garantie jusqu&rsquo;\u00e0 8 ans. Nous r\u00e9parerons ou remplacerons gracieusement, toute pi\u00e8ce de rechange et\/ou nous r\u00e9parerons tout d\u00e9faut d\u00e9tect\u00e9 par nos services.<\/p>\n<p>Pour cela, vous devrez toutefois en prendre soin et l\u2019entretenir de mani\u00e8re r\u00e9guli\u00e8re. Nous recommandons de faire v\u00e9rifier la r\u00e9sistance \u00e0 l&rsquo;eau tous les ans et d&rsquo;effectuer un service complet tous les 4 ans, dans nos boutiques partenaires, ou en prenant contact avec Poincar\u00e9.<\/p>\n<p>Tous les autres droits r\u00e9sultant d&rsquo;une mauvaise ex\u00e9cution de nos services sont express\u00e9ment exclus. Cette garantie ne couvre pas l&rsquo;usure normale ou les dommages caus\u00e9s par des accidents, un manque de soin ou de n\u00e9gligence. Cette garantie est annul\u00e9e si les travaux sont effectu\u00e9s sur la montre par des personnes non autoris\u00e9es ou non affili\u00e9es \u00e0 Poincar\u00e9.<\/p>\n<p>Vos informations personnelles seront trait\u00e9es par Poincar\u00e9 conform\u00e9ment \u00e0 notre politique de confidentialit\u00e9 dans le but de vous fournir des services tels que votre garantie et de vous tenir inform\u00e9 des \u00e9v\u00e9nements et collections \u00e0 venir de Poincar\u00e9.<\/p>\t\t\t\t\t\t\t\t<\/div>\n\t\t\t\t<\/div>\n\t\t\t\t\t<\/div>\n\t\t<\/div>\n\t\t\t\t\t<\/div>\n\t\t<\/section>\n\t\t\t\t<section data-particle_enable=\"false\" data-particle-mobile-disabled=\"false\" class=\"elementor-section elementor-top-section elementor-element elementor-element-9121504 elementor-hidden-widescreen elementor-hidden-desktop elementor-hidden-laptop elementor-hidden-tablet_extra elementor-hidden-tablet elementor-hidden-mobile elementor-section-boxed elementor-section-height-default elementor-section-height-default\" data-id=\"9121504\" data-element_type=\"section\" data-e-type=\"section\">\n\t\t\t\t\t\t<div class=\"elementor-container elementor-column-gap-default\">\n\t\t\t\t\t<div class=\"elementor-column elementor-col-100 elementor-top-column elementor-element elementor-element-d18ca82\" data-id=\"d18ca82\" data-element_type=\"column\" data-e-type=\"column\">\n\t\t\t<div class=\"elementor-widget-wrap elementor-element-populated\">\n\t\t\t\t\t\t<div class=\"elementor-element elementor-element-524c362 elementor-widget elementor-widget-heading\" data-id=\"524c362\" data-element_type=\"widget\" data-e-type=\"widget\" data-widget_type=\"heading.default\">\n\t\t\t\t<div class=\"elementor-widget-container\">\n\t\t\t\t\t<h2 class=\"elementor-heading-title elementor-size-default\">Enregistrez votre garde-temps<\/h2>\t\t\t\t<\/div>\n\t\t\t\t<\/div>\n\t\t\t\t<div class=\"elementor-element elementor-element-cb2774d elementor-widget elementor-widget-text-editor\" data-id=\"cb2774d\" data-element_type=\"widget\" data-e-type=\"widget\" data-widget_type=\"text-editor.default\">\n\t\t\t\t<div class=\"elementor-widget-container\">\n\t\t\t\t\t\t\t\t\t<p>Nous vous remercions de votre achat. En soumettant ce formulaire, vous pouvez b\u00e9n\u00e9ficier d&rsquo;une garantie de 5 ans.<\/p>\t\t\t\t\t\t\t\t<\/div>\n\t\t\t\t<\/div>\n\t\t\t\t\t<\/div>\n\t\t<\/div>\n\t\t\t\t\t<\/div>\n\t\t<\/section>\n\t\t\t\t<section data-particle_enable=\"false\" data-particle-mobile-disabled=\"false\" class=\"elementor-section elementor-top-section elementor-element elementor-element-1ad367d elementor-hidden-widescreen elementor-hidden-desktop elementor-hidden-laptop elementor-hidden-tablet_extra elementor-hidden-tablet elementor-hidden-mobile elementor-section-boxed elementor-section-height-default elementor-section-height-default\" data-id=\"1ad367d\" data-element_type=\"section\" data-e-type=\"section\">\n\t\t\t\t\t\t<div class=\"elementor-container elementor-column-gap-default\">\n\t\t\t\t\t<div class=\"elementor-column elementor-col-100 elementor-top-column elementor-element elementor-element-b5dad7f\" data-id=\"b5dad7f\" data-element_type=\"column\" data-e-type=\"column\">\n\t\t\t<div class=\"elementor-widget-wrap elementor-element-populated\">\n\t\t\t\t\t\t<div class=\"elementor-element elementor-element-953eca6 elementor-widget elementor-widget-text-editor\" data-id=\"953eca6\" data-element_type=\"widget\" data-e-type=\"widget\" data-widget_type=\"text-editor.default\">\n\t\t\t\t<div class=\"elementor-widget-container\">\n\t\t\t\t\t\t\t\t\t<p>Champs obligatoires *<\/p>\t\t\t\t\t\t\t\t<\/div>\n\t\t\t\t<\/div>\n\t\t\t\t<div class=\"elementor-element elementor-element-35f5d5a elementor-button-align-start elementor-widget elementor-widget-form\" data-id=\"35f5d5a\" data-element_type=\"widget\" data-e-type=\"widget\" data-settings=\"{&quot;step_next_label&quot;:&quot;Next&quot;,&quot;step_previous_label&quot;:&quot;Previous&quot;,&quot;button_width&quot;:&quot;100&quot;,&quot;step_type&quot;:&quot;number_text&quot;,&quot;step_icon_shape&quot;:&quot;circle&quot;}\" data-widget_type=\"form.default\">\n\t\t\t\t<div class=\"elementor-widget-container\">\n\t\t\t\t\t\t\t<form class=\"elementor-form\" method=\"post\" name=\"New Form\" aria-label=\"New Form\">\n\t\t\t<input type=\"hidden\" name=\"post_id\" value=\"1672\"\/>\n\t\t\t<input type=\"hidden\" name=\"form_id\" value=\"35f5d5a\"\/>\n\t\t\t<input type=\"hidden\" name=\"referer_title\" value=\"Garantie - Poincar\u00e9 Gen\u00e8ve\" \/>\n\n\t\t\t\t\t\t\t<input type=\"hidden\" name=\"queried_id\" value=\"1672\"\/>\n\t\t\t\n\t\t\t<div class=\"elementor-form-fields-wrapper elementor-labels-\">\n\t\t\t\t\t\t\t\t<div class=\"elementor-field-type-text elementor-field-group elementor-column elementor-field-group-firstname elementor-col-100 elementor-field-required\">\n\t\t\t\t\t\t\t\t\t\t\t\t<label for=\"form-field-firstname\" class=\"elementor-field-label elementor-screen-only\">\n\t\t\t\t\t\t\t\tPr\u00e9nom\t\t\t\t\t\t\t<\/label>\n\t\t\t\t\t\t\t\t\t\t\t\t\t\t<input size=\"1\" type=\"text\" name=\"form_fields[firstname]\" id=\"form-field-firstname\" class=\"elementor-field elementor-size-sm  elementor-field-textual\" placeholder=\"Pr\u00e9nom *\" required=\"required\">\n\t\t\t\t\t\t\t\t\t\t\t<\/div>\n\t\t\t\t\t\t\t\t<div class=\"elementor-field-type-text elementor-field-group elementor-column elementor-field-group-name elementor-col-100 elementor-field-required\">\n\t\t\t\t\t\t\t\t\t\t\t\t<label for=\"form-field-name\" class=\"elementor-field-label elementor-screen-only\">\n\t\t\t\t\t\t\t\tNom\t\t\t\t\t\t\t<\/label>\n\t\t\t\t\t\t\t\t\t\t\t\t\t\t<input size=\"1\" type=\"text\" name=\"form_fields[name]\" id=\"form-field-name\" class=\"elementor-field elementor-size-sm  elementor-field-textual\" placeholder=\"Nom *\" required=\"required\">\n\t\t\t\t\t\t\t\t\t\t\t<\/div>\n\t\t\t\t\t\t\t\t<div class=\"elementor-field-type-text elementor-field-group elementor-column elementor-field-group-country elementor-col-100\">\n\t\t\t\t\t\t\t\t\t\t\t\t<label for=\"form-field-country\" class=\"elementor-field-label elementor-screen-only\">\n\t\t\t\t\t\t\t\tPays\t\t\t\t\t\t\t<\/label>\n\t\t\t\t\t\t\t\t\t\t\t\t\t\t<input size=\"1\" type=\"text\" name=\"form_fields[country]\" id=\"form-field-country\" class=\"elementor-field elementor-size-sm  elementor-field-textual\" placeholder=\"Pays *\">\n\t\t\t\t\t\t\t\t\t\t\t<\/div>\n\t\t\t\t\t\t\t\t<div class=\"elementor-field-type-email elementor-field-group elementor-column elementor-field-group-email elementor-col-100 elementor-field-required\">\n\t\t\t\t\t\t\t\t\t\t\t\t<label for=\"form-field-email\" class=\"elementor-field-label elementor-screen-only\">\n\t\t\t\t\t\t\t\tEmail\t\t\t\t\t\t\t<\/label>\n\t\t\t\t\t\t\t\t\t\t\t\t\t\t<input size=\"1\" type=\"email\" name=\"form_fields[email]\" id=\"form-field-email\" class=\"elementor-field elementor-size-sm  elementor-field-textual\" placeholder=\"Email *\" required=\"required\">\n\t\t\t\t\t\t\t\t\t\t\t<\/div>\n\t\t\t\t\t\t\t\t<div class=\"elementor-field-type-text elementor-field-group elementor-column elementor-field-group-phone elementor-col-100\">\n\t\t\t\t\t\t\t\t\t\t\t\t<label for=\"form-field-phone\" class=\"elementor-field-label elementor-screen-only\">\n\t\t\t\t\t\t\t\tNum\u00e9ro de t\u00e9l\u00e9phone\t\t\t\t\t\t\t<\/label>\n\t\t\t\t\t\t\t\t\t\t\t\t\t\t<input size=\"1\" type=\"text\" name=\"form_fields[phone]\" id=\"form-field-phone\" class=\"elementor-field elementor-size-sm  elementor-field-textual\" placeholder=\"Num\u00e9ro de t\u00e9l\u00e9phone *\">\n\t\t\t\t\t\t\t\t\t\t\t<\/div>\n\t\t\t\t\t\t\t\t<div class=\"elementor-field-type-text elementor-field-group elementor-column elementor-field-group-serienumber elementor-col-50 elementor-field-required\">\n\t\t\t\t\t\t\t\t\t\t\t\t<label for=\"form-field-serienumber\" class=\"elementor-field-label elementor-screen-only\">\n\t\t\t\t\t\t\t\tNum\u00e9ro de s\u00e9rie *\t\t\t\t\t\t\t<\/label>\n\t\t\t\t\t\t\t\t\t\t\t\t\t\t<input size=\"1\" type=\"text\" name=\"form_fields[serienumber]\" id=\"form-field-serienumber\" class=\"elementor-field elementor-size-sm  elementor-field-textual\" placeholder=\"Num\u00e9ro de s\u00e9rie *\" required=\"required\">\n\t\t\t\t\t\t\t\t\t\t\t<\/div>\n\t\t\t\t\t\t\t\t<div class=\"elementor-field-type-text elementor-field-group elementor-column elementor-field-group-garantynumber elementor-col-50 elementor-field-required\">\n\t\t\t\t\t\t\t\t\t\t\t\t<label for=\"form-field-garantynumber\" class=\"elementor-field-label elementor-screen-only\">\n\t\t\t\t\t\t\t\tNum\u00e9ro de garantie *\t\t\t\t\t\t\t<\/label>\n\t\t\t\t\t\t\t\t\t\t\t\t\t\t<input size=\"1\" type=\"text\" name=\"form_fields[garantynumber]\" id=\"form-field-garantynumber\" class=\"elementor-field elementor-size-sm  elementor-field-textual\" placeholder=\"Num\u00e9ro de garantie *\" required=\"required\">\n\t\t\t\t\t\t\t\t\t\t\t<\/div>\n\t\t\t\t\t\t\t\t<div class=\"elementor-field-group elementor-column elementor-field-type-submit elementor-col-100 e-form__buttons\">\n\t\t\t\t\t<button class=\"elementor-button elementor-size-sm\" type=\"submit\">\n\t\t\t\t\t\t<span class=\"elementor-button-content-wrapper\">\n\t\t\t\t\t\t\t\t\t\t\t\t\t\t\t\t\t\t\t\t\t\t<span class=\"elementor-button-text\">Envoyer<\/span>\n\t\t\t\t\t\t\t\t\t\t\t\t\t<\/span>\n\t\t\t\t\t<\/button>\n\t\t\t\t<\/div>\n\t\t\t<\/div>\n\t\t<\/form>\n\t\t\t\t\t\t<\/div>\n\t\t\t\t<\/div>\n\t\t\t\t\t<\/div>\n\t\t<\/div>\n\t\t\t\t\t<\/div>\n\t\t<\/section>\n\t\t\t\t<\/div>\n\t\t","protected":false},"excerpt":{"rendered":"<p>GARANTIE Accueil \/ GARANTIE Votre montre Poincar\u00e9 a \u00e9t\u00e9 con\u00e7ue pour r\u00e9sister \u00e0 l\u2019usure du temps, afin que vous puissiez l\u2019utiliser tout au long de votre vie, quelles que soient vos activit\u00e9s. Nous vous offrons la possibilit\u00e9 d&rsquo;\u00e9tendre votre garantie jusqu&rsquo;\u00e0 8 ans. Nous r\u00e9parerons ou remplacerons gracieusement, toute pi\u00e8ce de rechange et\/ou nous r\u00e9parerons [&hellip;]<\/p>\n","protected":false},"author":1,"featured_media":6480,"parent":0,"menu_order":0,"comment_status":"closed","ping_status":"closed","template":"","meta":{"content-type":"","footnotes":""},"class_list":["post-1672","page","type-page","status-publish","has-post-thumbnail","hentry"],"yoast_head":"<!-- This site is optimized with the Yoast SEO plugin v27.5 - https:\/\/yoast.com\/product\/yoast-seo-wordpress\/ -->\n<title>Garantie - Poincar\u00e9 Gen\u00e8ve<\/title>\n<meta name=\"description\" content=\"Nous offrons une garantie de 5 ans sur les d\u00e9fauts et les services couverts par cette garantie. Nous r\u00e9parerons ou remplacerons gracieusement, toute pi\u00e8ce de rechange et\/ou nous r\u00e9parerons tout d\u00e9faut d\u00e9tect\u00e9 par nos services.\" \/>\n<meta name=\"robots\" content=\"index, follow, max-snippet:-1, max-image-preview:large, max-video-preview:-1\" \/>\n<link rel=\"canonical\" href=\"https:\/\/www.poincare-watch.com\/ar\/garantie\/\" \/>\n<meta property=\"og:locale\" content=\"ar_AR\" \/>\n<meta property=\"og:type\" content=\"article\" \/>\n<meta property=\"og:title\" content=\"Garantie - Poincar\u00e9 Gen\u00e8ve\" \/>\n<meta property=\"og:description\" content=\"Nous offrons une garantie de 5 ans sur les d\u00e9fauts et les services couverts par cette garantie. Nous r\u00e9parerons ou remplacerons gracieusement, toute pi\u00e8ce de rechange et\/ou nous r\u00e9parerons tout d\u00e9faut d\u00e9tect\u00e9 par nos services.\" \/>\n<meta property=\"og:url\" content=\"https:\/\/www.poincare-watch.com\/ar\/garantie\/\" \/>\n<meta property=\"og:site_name\" content=\"Poincar\u00e9 Gen\u00e8ve\" \/>\n<meta property=\"article:modified_time\" content=\"2023-02-23T13:54:31+00:00\" \/>\n<meta property=\"og:image\" content=\"https:\/\/www.poincare-watch.com\/wp-content\/uploads\/2023\/02\/poincare-protocole-og.png\" \/>\n\t<meta property=\"og:image:width\" content=\"1050\" \/>\n\t<meta property=\"og:image:height\" content=\"600\" \/>\n\t<meta property=\"og:image:type\" content=\"image\/png\" \/>\n<meta name=\"twitter:card\" content=\"summary_large_image\" \/>\n<meta name=\"twitter:label1\" content=\"\u0648\u0642\u062a \u0627\u0644\u0642\u0631\u0627\u0621\u0629 \u0627\u0644\u0645\u064f\u0642\u062f\u0651\u0631\" \/>\n\t<meta name=\"twitter:data1\" content=\"\u062f\u0642\u064a\u0642\u062a\u0627\u0646\" \/>\n<script type=\"application\/ld+json\" class=\"yoast-schema-graph\">{\"@context\":\"https:\\\/\\\/schema.org\",\"@graph\":[{\"@type\":\"WebPage\",\"@id\":\"https:\\\/\\\/www.poincare-watch.com\\\/garantie\\\/\",\"url\":\"https:\\\/\\\/www.poincare-watch.com\\\/garantie\\\/\",\"name\":\"Garantie - Poincar\u00e9 Gen\u00e8ve\",\"isPartOf\":{\"@id\":\"https:\\\/\\\/www.poincare-watch.com\\\/#website\"},\"primaryImageOfPage\":{\"@id\":\"https:\\\/\\\/www.poincare-watch.com\\\/garantie\\\/#primaryimage\"},\"image\":{\"@id\":\"https:\\\/\\\/www.poincare-watch.com\\\/garantie\\\/#primaryimage\"},\"thumbnailUrl\":\"https:\\\/\\\/www.poincare-watch.com\\\/wp-content\\\/uploads\\\/2023\\\/02\\\/poincare-protocole-og.png\",\"datePublished\":\"2021-06-08T06:55:53+00:00\",\"dateModified\":\"2023-02-23T13:54:31+00:00\",\"description\":\"Nous offrons une garantie de 5 ans sur les d\u00e9fauts et les services couverts par cette garantie. Nous r\u00e9parerons ou remplacerons gracieusement, toute pi\u00e8ce de rechange et\\\/ou nous r\u00e9parerons tout d\u00e9faut d\u00e9tect\u00e9 par nos services.\",\"breadcrumb\":{\"@id\":\"https:\\\/\\\/www.poincare-watch.com\\\/garantie\\\/#breadcrumb\"},\"inLanguage\":\"ar\",\"potentialAction\":[{\"@type\":\"ReadAction\",\"target\":[\"https:\\\/\\\/www.poincare-watch.com\\\/garantie\\\/\"]}]},{\"@type\":\"ImageObject\",\"inLanguage\":\"ar\",\"@id\":\"https:\\\/\\\/www.poincare-watch.com\\\/garantie\\\/#primaryimage\",\"url\":\"https:\\\/\\\/www.poincare-watch.com\\\/wp-content\\\/uploads\\\/2023\\\/02\\\/poincare-protocole-og.png\",\"contentUrl\":\"https:\\\/\\\/www.poincare-watch.com\\\/wp-content\\\/uploads\\\/2023\\\/02\\\/poincare-protocole-og.png\",\"width\":1050,\"height\":600},{\"@type\":\"BreadcrumbList\",\"@id\":\"https:\\\/\\\/www.poincare-watch.com\\\/garantie\\\/#breadcrumb\",\"itemListElement\":[{\"@type\":\"ListItem\",\"position\":1,\"name\":\"Accueil\",\"item\":\"https:\\\/\\\/www.poincare-watch.com\\\/\"},{\"@type\":\"ListItem\",\"position\":2,\"name\":\"Garantie\"}]},{\"@type\":\"WebSite\",\"@id\":\"https:\\\/\\\/www.poincare-watch.com\\\/#website\",\"url\":\"https:\\\/\\\/www.poincare-watch.com\\\/\",\"name\":\"Poincar\u00e9\",\"description\":\"Swiss Luxury Watches\",\"publisher\":{\"@id\":\"https:\\\/\\\/www.poincare-watch.com\\\/#organization\"},\"alternateName\":\"Poincar\u00e9 Gen\u00e8ve\",\"potentialAction\":[{\"@type\":\"SearchAction\",\"target\":{\"@type\":\"EntryPoint\",\"urlTemplate\":\"https:\\\/\\\/www.poincare-watch.com\\\/?s={search_term_string}\"},\"query-input\":{\"@type\":\"PropertyValueSpecification\",\"valueRequired\":true,\"valueName\":\"search_term_string\"}}],\"inLanguage\":\"ar\"},{\"@type\":\"Organization\",\"@id\":\"https:\\\/\\\/www.poincare-watch.com\\\/#organization\",\"name\":\"Poincar\u00e9\",\"alternateName\":\"Poincar\u00e9 Gen\u00e8ve\",\"url\":\"https:\\\/\\\/www.poincare-watch.com\\\/\",\"logo\":{\"@type\":\"ImageObject\",\"inLanguage\":\"ar\",\"@id\":\"https:\\\/\\\/www.poincare-watch.com\\\/#\\\/schema\\\/logo\\\/image\\\/\",\"url\":\"https:\\\/\\\/www.poincare-watch.com\\\/wp-content\\\/uploads\\\/2021\\\/03\\\/Poincare-watch.svg\",\"contentUrl\":\"https:\\\/\\\/www.poincare-watch.com\\\/wp-content\\\/uploads\\\/2021\\\/03\\\/Poincare-watch.svg\",\"width\":255.1,\"height\":127.6,\"caption\":\"Poincar\u00e9\"},\"image\":{\"@id\":\"https:\\\/\\\/www.poincare-watch.com\\\/#\\\/schema\\\/logo\\\/image\\\/\"},\"sameAs\":[\"https:\\\/\\\/www.linkedin.com\\\/company\\\/poincarewatch\"]}]}<\/script>\n<!-- \/ Yoast SEO plugin. -->","yoast_head_json":{"title":"Garantie - Poincar\u00e9 Gen\u00e8ve","description":"Nous offrons une garantie de 5 ans sur les d\u00e9fauts et les services couverts par cette garantie. Nous r\u00e9parerons ou remplacerons gracieusement, toute pi\u00e8ce de rechange et\/ou nous r\u00e9parerons tout d\u00e9faut d\u00e9tect\u00e9 par nos services.","robots":{"index":"index","follow":"follow","max-snippet":"max-snippet:-1","max-image-preview":"max-image-preview:large","max-video-preview":"max-video-preview:-1"},"canonical":"https:\/\/www.poincare-watch.com\/ar\/garantie\/","og_locale":"ar_AR","og_type":"article","og_title":"Garantie - Poincar\u00e9 Gen\u00e8ve","og_description":"Nous offrons une garantie de 5 ans sur les d\u00e9fauts et les services couverts par cette garantie. Nous r\u00e9parerons ou remplacerons gracieusement, toute pi\u00e8ce de rechange et\/ou nous r\u00e9parerons tout d\u00e9faut d\u00e9tect\u00e9 par nos services.","og_url":"https:\/\/www.poincare-watch.com\/ar\/garantie\/","og_site_name":"Poincar\u00e9 Gen\u00e8ve","article_modified_time":"2023-02-23T13:54:31+00:00","og_image":[{"width":1050,"height":600,"url":"https:\/\/www.poincare-watch.com\/wp-content\/uploads\/2023\/02\/poincare-protocole-og.png","type":"image\/png"}],"twitter_card":"summary_large_image","twitter_misc":{"\u0648\u0642\u062a \u0627\u0644\u0642\u0631\u0627\u0621\u0629 \u0627\u0644\u0645\u064f\u0642\u062f\u0651\u0631":"\u062f\u0642\u064a\u0642\u062a\u0627\u0646"},"schema":{"@context":"https:\/\/schema.org","@graph":[{"@type":"WebPage","@id":"https:\/\/www.poincare-watch.com\/garantie\/","url":"https:\/\/www.poincare-watch.com\/garantie\/","name":"Garantie - Poincar\u00e9 Gen\u00e8ve","isPartOf":{"@id":"https:\/\/www.poincare-watch.com\/#website"},"primaryImageOfPage":{"@id":"https:\/\/www.poincare-watch.com\/garantie\/#primaryimage"},"image":{"@id":"https:\/\/www.poincare-watch.com\/garantie\/#primaryimage"},"thumbnailUrl":"https:\/\/www.poincare-watch.com\/wp-content\/uploads\/2023\/02\/poincare-protocole-og.png","datePublished":"2021-06-08T06:55:53+00:00","dateModified":"2023-02-23T13:54:31+00:00","description":"Nous offrons une garantie de 5 ans sur les d\u00e9fauts et les services couverts par cette garantie. Nous r\u00e9parerons ou remplacerons gracieusement, toute pi\u00e8ce de rechange et\/ou nous r\u00e9parerons tout d\u00e9faut d\u00e9tect\u00e9 par nos services.","breadcrumb":{"@id":"https:\/\/www.poincare-watch.com\/garantie\/#breadcrumb"},"inLanguage":"ar","potentialAction":[{"@type":"ReadAction","target":["https:\/\/www.poincare-watch.com\/garantie\/"]}]},{"@type":"ImageObject","inLanguage":"ar","@id":"https:\/\/www.poincare-watch.com\/garantie\/#primaryimage","url":"https:\/\/www.poincare-watch.com\/wp-content\/uploads\/2023\/02\/poincare-protocole-og.png","contentUrl":"https:\/\/www.poincare-watch.com\/wp-content\/uploads\/2023\/02\/poincare-protocole-og.png","width":1050,"height":600},{"@type":"BreadcrumbList","@id":"https:\/\/www.poincare-watch.com\/garantie\/#breadcrumb","itemListElement":[{"@type":"ListItem","position":1,"name":"Accueil","item":"https:\/\/www.poincare-watch.com\/"},{"@type":"ListItem","position":2,"name":"Garantie"}]},{"@type":"WebSite","@id":"https:\/\/www.poincare-watch.com\/#website","url":"https:\/\/www.poincare-watch.com\/","name":"\u0628\u0648\u0627\u0646\u0643\u0627\u0631\u064a\u0647","description":"\u0627\u0644\u0633\u0627\u0639\u0627\u062a \u0627\u0644\u0633\u0648\u064a\u0633\u0631\u064a\u0629 \u0627\u0644\u0641\u0627\u062e\u0631\u0629","publisher":{"@id":"https:\/\/www.poincare-watch.com\/#organization"},"alternateName":"Poincar\u00e9 Gen\u00e8ve","potentialAction":[{"@type":"SearchAction","target":{"@type":"EntryPoint","urlTemplate":"https:\/\/www.poincare-watch.com\/?s={search_term_string}"},"query-input":{"@type":"PropertyValueSpecification","valueRequired":true,"valueName":"search_term_string"}}],"inLanguage":"ar"},{"@type":"Organization","@id":"https:\/\/www.poincare-watch.com\/#organization","name":"\u0628\u0648\u0627\u0646\u0643\u0627\u0631\u064a\u0647","alternateName":"Poincar\u00e9 Gen\u00e8ve","url":"https:\/\/www.poincare-watch.com\/","logo":{"@type":"ImageObject","inLanguage":"ar","@id":"https:\/\/www.poincare-watch.com\/#\/schema\/logo\/image\/","url":"https:\/\/www.poincare-watch.com\/wp-content\/uploads\/2021\/03\/Poincare-watch.svg","contentUrl":"https:\/\/www.poincare-watch.com\/wp-content\/uploads\/2021\/03\/Poincare-watch.svg","width":255.1,"height":127.6,"caption":"Poincar\u00e9"},"image":{"@id":"https:\/\/www.poincare-watch.com\/#\/schema\/logo\/image\/"},"sameAs":["https:\/\/www.linkedin.com\/company\/poincarewatch"]}]}},"_links":{"self":[{"href":"https:\/\/www.poincare-watch.com\/ar\/wp-json\/wp\/v2\/pages\/1672","targetHints":{"allow":["GET"]}}],"collection":[{"href":"https:\/\/www.poincare-watch.com\/ar\/wp-json\/wp\/v2\/pages"}],"about":[{"href":"https:\/\/www.poincare-watch.com\/ar\/wp-json\/wp\/v2\/types\/page"}],"author":[{"embeddable":true,"href":"https:\/\/www.poincare-watch.com\/ar\/wp-json\/wp\/v2\/users\/1"}],"replies":[{"embeddable":true,"href":"https:\/\/www.poincare-watch.com\/ar\/wp-json\/wp\/v2\/comments?post=1672"}],"version-history":[{"count":38,"href":"https:\/\/www.poincare-watch.com\/ar\/wp-json\/wp\/v2\/pages\/1672\/revisions"}],"predecessor-version":[{"id":7075,"href":"https:\/\/www.poincare-watch.com\/ar\/wp-json\/wp\/v2\/pages\/1672\/revisions\/7075"}],"wp:featuredmedia":[{"embeddable":true,"href":"https:\/\/www.poincare-watch.com\/ar\/wp-json\/wp\/v2\/media\/6480"}],"wp:attachment":[{"href":"https:\/\/www.poincare-watch.com\/ar\/wp-json\/wp\/v2\/media?parent=1672"}],"curies":[{"name":"\u062f\u0628\u0644\u064a\u0648 \u0628\u064a","href":"https:\/\/api.w.org\/{rel}","templated":true}]}}